{"id":153,"date":"2013-11-11T10:25:48","date_gmt":"2013-11-11T09:25:48","guid":{"rendered":"http:\/\/www.lamerci.org\/?page_id=153"},"modified":"2020-01-12T15:19:05","modified_gmt":"2020-01-12T14:19:05","slug":"vie-spirituelle","status":"publish","type":"page","link":"https:\/\/www.lamerci.org\/?page_id=153","title":{"rendered":"Vie spirituelle"},"content":{"rendered":"<p><span style=\"color: #000000;\"><b><span style=\"font-size: medium;\">[acx_slideshow name=\u00a0\u00bbVie Spirituelle\u00a0\u00bb]<\/span><\/b><\/span><\/p>\n<p><span style=\"color: #000000;\"><b>L\u2019Association LA MERCI <\/b>a clairement exprim\u00e9 dans sa Charte son engagement de permettre \u00e0 toute personne accueillie dans ses foyers d\u2019exercer la religion de son choix.<\/span><\/p>\n<p><span style=\"color: #000000;\">Ainsi l\u2019Association a mis en place une organisation permettant \u00e0 la majorit\u00e9 de ses r\u00e9sidents, de culture chr\u00e9tienne, de trouver une r\u00e9ponse \u00e0 leur besoin de vie spirituelle et leur aspiration \u00e0 une pratique religieuse tant sur le plan communautaire que personnel.<\/span><\/p>\n<p><span style=\"color: #000000;\">Les r\u00e9sidents ont donc la possibilit\u00e9 de c\u00e9l\u00e9brer des \u00e9v\u00e8nements religieux dans le cadre des chapelles et \u00e9glises paroissiales, de vivre des pri\u00e8res en commun ainsi que des f\u00eates et p\u00e8lerinages, de b\u00e9n\u00e9ficier d\u2019une formation religieuse et d\u2019une pr\u00e9paration liturgique.<\/span><\/p>\n<p><span style=\"color: #000000;\">Sur un plan personnel chacun peut obtenir des entretiens particuliers avec un pr\u00eatre, recevoir des sacrements et se rendre \u00e0 la chapelle.<\/span><\/p>\n<p><span style=\"color: #000000;\">Au terme de nombreuses ann\u00e9es de pratique, il est permis d\u2019affirmer que cette <b><span style=\"font-family: Tahoma;\">vie spirituelle<\/span><\/b> est pour les r\u00e9sidents une source de joie et d\u2019\u00e9panouissement.<\/span><\/p>\n<p><b>La commission spiritualit\u00e9<\/b><\/p>\n<p>Elle propose\u00a0:<\/p>\n<p><span style=\"color: #003366; font-family: Tahoma;\">\u00a0<\/span><b><span style=\"color: #003366; font-family: Tahoma;\">\u00a0<\/span>Des rencontres spirituelles<\/b><\/p>\n<p>L\u2019association la Merci propose, gr\u00e2ce \u00e0 trois personnes b\u00e9n\u00e9voles, des rencontres spirituelles dans chaque \u00e9tablissement 1 fois par mois.<\/p>\n<p><b><span style=\"color: #003366; font-family: Tahoma;\">\u00a0<\/span>Des sacrements<\/b><\/p>\n<ul>\n<li>La participation \u00e0 la messe est propos\u00e9e chaque dimanche.<\/li>\n<li>Deux c\u00e9l\u00e9brations p\u00e9nitentielles sont propos\u00e9es chaque ann\u00e9e.<\/li>\n<\/ul>\n<p><b><span style=\"color: #003366; font-family: Tahoma;\">\u00a0<\/span>Des temps forts<\/b><\/p>\n<ul>\n<li>P\u00e8lerinage \u00e0 Cotignac en mai 2013<\/li>\n<li>P\u00e8lerinage \u00e0 la Salette en mai 2012<\/li>\n<li>Participation au WE r\u00e9serv\u00e9 aux \u00ab\u00a0personnes ayant un handicap mental\u00a0\u00bb organis\u00e9 <span style=\"color: #003366; font-family: Tahoma;\">\u00a0\u00a0 <\/span>par le foyer de charit\u00e9 de Ch\u00e2teauneuf de Galaure en octobre 2011<\/li>\n<li>P\u00e8lerinage \u00e0 Notre Dame du Laus en mai 2011<\/li>\n<li>P\u00e8lerinage \u00e0 Ars en juin 2009 (150<sup><span style=\"color: #003366; font-family: Tahoma; font-size: small;\">\u00e8me<\/span><\/sup> anniversaire de la mort du Cur\u00e9 d\u2019Ars)<\/li>\n<li>P\u00e8lerinage \u00e0 Lourdes en septembre 2008 (150<sup><span style=\"color: #003366; font-family: Tahoma; font-size: small;\">\u00e8me<\/span><\/sup> anniversaire des apparitions)<\/li>\n<\/ul>\n<p>&nbsp;<\/p>\n<p>&nbsp;<\/p>\n","protected":false},"excerpt":{"rendered":"<p>[acx_slideshow name=\u00a0\u00bbVie Spirituelle\u00a0\u00bb] L\u2019Association LA MERCI a clairement exprim\u00e9 dans sa Charte son engagement de permettre \u00e0 toute personne accueillie dans ses foyers d\u2019exercer la religion de son choix. Ainsi l\u2019Association a mis en place une organisation permettant \u00e0 la &hellip; <a href=\"https:\/\/www.lamerci.org\/?page_id=153\">Continuer la lecture <span class=\"meta-nav\">&rarr;<\/span><\/a><\/p>\n","protected":false},"author":1,"featured_media":0,"parent":1462,"menu_order":3,"comment_status":"closed","ping_status":"closed","template":"onecolumn-page.php","meta":{"_exactmetrics_skip_tracking":false,"_exactmetrics_sitenote_active":false,"_exactmetrics_sitenote_note":"","_exactmetrics_sitenote_category":0},"_links":{"self":[{"href":"https:\/\/www.lamerci.org\/index.php?rest_route=\/wp\/v2\/pages\/153"}],"collection":[{"href":"https:\/\/www.lamerci.org\/index.php?rest_route=\/wp\/v2\/pages"}],"about":[{"href":"https:\/\/www.lamerci.org\/index.php?rest_route=\/wp\/v2\/types\/page"}],"author":[{"embeddable":true,"href":"https:\/\/www.lamerci.org\/index.php?rest_route=\/wp\/v2\/users\/1"}],"replies":[{"embeddable":true,"href":"https:\/\/www.lamerci.org\/index.php?rest_route=%2Fwp%2Fv2%2Fcomments&post=153"}],"version-history":[{"count":11,"href":"https:\/\/www.lamerci.org\/index.php?rest_route=\/wp\/v2\/pages\/153\/revisions"}],"predecessor-version":[{"id":651,"href":"https:\/\/www.lamerci.org\/index.php?rest_route=\/wp\/v2\/pages\/153\/revisions\/651"}],"up":[{"embeddable":true,"href":"https:\/\/www.lamerci.org\/index.php?rest_route=\/wp\/v2\/pages\/1462"}],"wp:attachment":[{"href":"https:\/\/www.lamerci.org\/index.php?rest_route=%2Fwp%2Fv2%2Fmedia&parent=153"}],"curies":[{"name":"wp","href":"https:\/\/api.w.org\/{rel}","templated":true}]}}