{"id":165,"date":"2013-11-11T10:33:55","date_gmt":"2013-11-11T09:33:55","guid":{"rendered":"http:\/\/www.lamerci.org\/?page_id=165"},"modified":"2015-07-24T06:35:58","modified_gmt":"2015-07-24T05:35:58","slug":"foyers-de-vie","status":"publish","type":"page","link":"https:\/\/www.lamerci.org\/?page_id=165","title":{"rendered":"Foyers de vie"},"content":{"rendered":"<p style=\"text-align: center;\">\u00ab\u00a0<strong>La Ramade<\/strong>\u00a0\u00bb\u00a0 \u00e0 Villedieu, <b>\u00ab\u00a0Bon\u00a0 Esper\u00a0\u00bb et \u00ab\u00a0La Rouvilli\u00e8re\u00a0\u00bb \u00e0 Vaison-la-Romaine, <\/b>sont des maisons\u00a0 d\u2019habitation, int\u00e9gr\u00e9es au village ou \u00e0 la ville, confortables et conviviales.<\/p>\n<p><b>Ces lieux\u00a0 de vie et de travail<\/b> accueillent, leur vie durant, des personnes adultes handicap\u00e9es\u00a0 mentales profondes. Chacune de ces maisons a une sp\u00e9cificit\u00e9 plus\u00a0 particuli\u00e8re quant \u00e0 l\u2019\u00e2ge, aux troubles des personnes accueillies, et donc \u00e0\u00a0 la prise en charge et aux activit\u00e9s qui leur sont propos\u00e9es.<\/p>\n<p><b>Ces foyers<\/b> sont la maison des r\u00e9sidents o\u00f9\u00a0 ils disposent d\u2019espaces priv\u00e9s pour leur temps libre.<\/p>\n<p>La vie quotidienne est chaleureuse,\u00a0 familiale et communautaire, dans le respect des valeurs chr\u00e9tiennes qui\u00a0 fondent l\u2019association.<\/p>\n<p><b>L\u2019organisation<\/b> de la communaut\u00e9 s\u2019articule\u00a0 autour de\u00a0trois p\u00f4les :<\/p>\n<ul>\n<li><b>Les temps de vie familiale\u00a0 et personnelle<\/b> : hygi\u00e8ne, esth\u00e9tique, soins personnels ; entretien des locaux, du\u00a0 linge, pr\u00e9paration des repas; participation \u00e0 la vie cultuelle et culturelle.<\/li>\n<li><b>La prise\u00a0 en charge th\u00e9rapeutique<\/b> : entretien et pr\u00e9vention en psychiatrie, orthophonie, kin\u00e9sith\u00e9rapie,\u00a0 etc&#8230;<\/li>\n<li><b>Le travail<\/b> : travaux artisanaux, entretien\u00a0 de la maison d\u2019h\u00f4tes, personnalisation des loisirs.<\/li>\n<\/ul>\n<p>Dans\u00a0 ces quatre maisons, c\u2019est gr\u00e2ce \u00e0 la comp\u00e9tence et au d\u00e9vouement du\u00a0 personnel, qu\u2019est rendue possible la mise en \u0153uvre de ces diff\u00e9rentes actions\u00a0 indispensables \u00e0 l\u2019\u00e9panouissement des personnes handicap\u00e9es mentales. Il\u00a0 s\u2019agit toujours d\u2019un travail \u00e0 quatre mains\u00a0: celles de l\u2019animateur et\u00a0 celles du r\u00e9sident.<\/p>\n<p>En fonction de leur projet personnalis\u00e9, les r\u00e9sidents participent \u00e0 certaines de ces activit\u00e9s. Les activit\u00e9s peuvent \u00eatres anim\u00e9es par les professionnels des \u00e9tablissements<\/p>\n<p>D\u2019autres activit\u00e9s sont prises en charge par des professionnels, nous pouvons notamment citer le th\u00e9\u00e2tre, la peinture, le sport adapt\u00e9 et l\u2019\u00e9quith\u00e9rapie.<\/p>\n<p>Enfin, certaines existent gr\u00e2ce \u00e0 des b\u00e9n\u00e9voles\u00a0: la mosa\u00efque, la r\u00e9flexologie, le conte, la biblioth\u00e8que, la cat\u00e9ch\u00e8se.<\/p>\n","protected":false},"excerpt":{"rendered":"<p>\u00ab\u00a0La Ramade\u00a0\u00bb\u00a0 \u00e0 Villedieu, \u00ab\u00a0Bon\u00a0 Esper\u00a0\u00bb et \u00ab\u00a0La Rouvilli\u00e8re\u00a0\u00bb \u00e0 Vaison-la-Romaine, sont des maisons\u00a0 d\u2019habitation, int\u00e9gr\u00e9es au village ou \u00e0 la ville, confortables et conviviales. Ces lieux\u00a0 de vie et de travail accueillent, leur vie durant, des personnes adultes handicap\u00e9es\u00a0 &hellip; <a href=\"https:\/\/www.lamerci.org\/?page_id=165\">Continuer la lecture <span class=\"meta-nav\">&rarr;<\/span><\/a><\/p>\n","protected":false},"author":1,"featured_media":0,"parent":1383,"menu_order":4,"comment_status":"closed","ping_status":"closed","template":"onecolumn-page.php","meta":{"_exactmetrics_skip_tracking":false,"_exactmetrics_sitenote_active":false,"_exactmetrics_sitenote_note":"","_exactmetrics_sitenote_category":0},"_links":{"self":[{"href":"https:\/\/www.lamerci.org\/index.php?rest_route=\/wp\/v2\/pages\/165"}],"collection":[{"href":"https:\/\/www.lamerci.org\/index.php?rest_route=\/wp\/v2\/pages"}],"about":[{"href":"https:\/\/www.lamerci.org\/index.php?rest_route=\/wp\/v2\/types\/page"}],"author":[{"embeddable":true,"href":"https:\/\/www.lamerci.org\/index.php?rest_route=\/wp\/v2\/users\/1"}],"replies":[{"embeddable":true,"href":"https:\/\/www.lamerci.org\/index.php?rest_route=%2Fwp%2Fv2%2Fcomments&post=165"}],"version-history":[{"count":20,"href":"https:\/\/www.lamerci.org\/index.php?rest_route=\/wp\/v2\/pages\/165\/revisions"}],"predecessor-version":[{"id":559,"href":"https:\/\/www.lamerci.org\/index.php?rest_route=\/wp\/v2\/pages\/165\/revisions\/559"}],"up":[{"embeddable":true,"href":"https:\/\/www.lamerci.org\/index.php?rest_route=\/wp\/v2\/pages\/1383"}],"wp:attachment":[{"href":"https:\/\/www.lamerci.org\/index.php?rest_route=%2Fwp%2Fv2%2Fmedia&parent=165"}],"curies":[{"name":"wp","href":"https:\/\/api.w.org\/{rel}","templated":true}]}}