{"id":167,"date":"2013-11-11T10:34:25","date_gmt":"2013-11-11T09:34:25","guid":{"rendered":"http:\/\/www.lamerci.org\/?page_id=167"},"modified":"2020-01-20T17:48:01","modified_gmt":"2020-01-20T16:48:01","slug":"la-ramade","status":"publish","type":"page","link":"https:\/\/www.lamerci.org\/?page_id=167","title":{"rendered":"La Ramade"},"content":{"rendered":"<p style=\"text-align: center;\" align=\"center\"><span style=\"font-size: medium;\">[acx_slideshow name=\u00a0\u00bbLa Ramade\u00a0\u00bb]<\/span><\/p>\n<p style=\"text-align: left;\" align=\"center\"><b>Le foyer, ouvert le 11\u00a0 novembre 1975<\/b>,\u00a0 accueille \u00e0 Villedieu (Vaucluse) des r\u00e9sidentes \u00e0 partir de 20 ans. Dix-huit r\u00e9sidents habitent\u00a0 aujourd\u2019hui dans ce cadre vivant, chaleureux et personnalis\u00e9. Il est baptis\u00e9 \u00ab\u00a0La Ramade\u00a0\u00bb ce qui signifie en proven\u00e7al ram\u00e9e, feuillage dans lequel les oiseaux vient se cacher, ce que rappelle le motif en c\u00e9ramique qui orne la fa\u00e7ade de la maison. C\u2019est \u00e0 \u00ab\u00a0<b>La Ramade<\/b>\u00ab\u00a0, maison-m\u00e8re, que les\u00a0 possibilit\u00e9s et le dynamisme des r\u00e9sidentes se manifestent le plus, aussi y\u00a0 propose-t-on des activit\u00e9s et des loisirs d\u2019une grande vari\u00e9t\u00e9. Il propose aussi un accueil de jour.<\/p>\n<p style=\"text-align: left;\" align=\"center\"><a href=\"http:\/\/www.lamerci.org\/wp-content\/uploads\/2013\/11\/Villedieu1.jpg\"><img decoding=\"async\" loading=\"lazy\" class=\"size-full wp-image-621 alignright\" src=\"http:\/\/www.lamerci.org\/wp-content\/uploads\/2013\/11\/Villedieu1.jpg\" alt=\"Villedieu\" width=\"300\" height=\"114\" \/><\/a><\/p>\n<p><b>Des\u00a0 activit\u00e9s de soutien en ce qui concerne :<\/b><\/p>\n<p>&#8211; Le maintien ou la continuit\u00e9 dans\u00a0 l\u2019expression orale et \u00e9crite,<\/p>\n<p>&#8211; L\u2019ouverture sur les\u00a0 nouvelles technologies,<\/p>\n<p>&#8211; La poursuite des\u00a0 activit\u00e9s motrices pour un maintien corporel harmonieux.<\/p>\n<p><b>Des\u00a0 activit\u00e9s artisanales<\/b> permettant de d\u00e9velopper les aptitudes, la cr\u00e9ativit\u00e9, la dext\u00e9rit\u00e9\u00a0 manuelle, l\u2019\u00e9panouissement, par la cr\u00e9ation de beaux objets utilisables,\u00a0 valorisants, commercialisables (peintures, santons, poterie, tissage,\u00a0 couture, c\u00e9ramique, etc&#8230;).<\/p>\n<p>Les possibilit\u00e9s de\u00a0 notre merveilleuse r\u00e9gion facilitent la vie culturelle gr\u00e2ce \u00e0 un\u00a0 environnement particuli\u00e8rement foisonnant (concerts, expositions, visites de\u00a0 monuments, etc&#8230;) et permettent l\u2019organisation de nombreux loisirs :\u00a0 pique-niques, s\u00e9jours \u00e0 la mer et \u00e0 la montagne, participations aux f\u00eates de\u00a0 village, notamment celles de la communaut\u00e9 villad\u00e9enne dynamique et\u00a0 fraternelle.<\/p>\n","protected":false},"excerpt":{"rendered":"<p>[acx_slideshow name=\u00a0\u00bbLa Ramade\u00a0\u00bb] Le foyer, ouvert le 11\u00a0 novembre 1975,\u00a0 accueille \u00e0 Villedieu (Vaucluse) des r\u00e9sidentes \u00e0 partir de 20 ans. Dix-huit r\u00e9sidents habitent\u00a0 aujourd\u2019hui dans ce cadre vivant, chaleureux et personnalis\u00e9. Il est baptis\u00e9 \u00ab\u00a0La Ramade\u00a0\u00bb ce qui signifie &hellip; <a href=\"https:\/\/www.lamerci.org\/?page_id=167\">Continuer la lecture <span class=\"meta-nav\">&rarr;<\/span><\/a><\/p>\n","protected":false},"author":1,"featured_media":0,"parent":165,"menu_order":1,"comment_status":"closed","ping_status":"closed","template":"onecolumn-page.php","meta":{"_exactmetrics_skip_tracking":false,"_exactmetrics_sitenote_active":false,"_exactmetrics_sitenote_note":"","_exactmetrics_sitenote_category":0},"_links":{"self":[{"href":"https:\/\/www.lamerci.org\/index.php?rest_route=\/wp\/v2\/pages\/167"}],"collection":[{"href":"https:\/\/www.lamerci.org\/index.php?rest_route=\/wp\/v2\/pages"}],"about":[{"href":"https:\/\/www.lamerci.org\/index.php?rest_route=\/wp\/v2\/types\/page"}],"author":[{"embeddable":true,"href":"https:\/\/www.lamerci.org\/index.php?rest_route=\/wp\/v2\/users\/1"}],"replies":[{"embeddable":true,"href":"https:\/\/www.lamerci.org\/index.php?rest_route=%2Fwp%2Fv2%2Fcomments&post=167"}],"version-history":[{"count":25,"href":"https:\/\/www.lamerci.org\/index.php?rest_route=\/wp\/v2\/pages\/167\/revisions"}],"predecessor-version":[{"id":1628,"href":"https:\/\/www.lamerci.org\/index.php?rest_route=\/wp\/v2\/pages\/167\/revisions\/1628"}],"up":[{"embeddable":true,"href":"https:\/\/www.lamerci.org\/index.php?rest_route=\/wp\/v2\/pages\/165"}],"wp:attachment":[{"href":"https:\/\/www.lamerci.org\/index.php?rest_route=%2Fwp%2Fv2%2Fmedia&parent=167"}],"curies":[{"name":"wp","href":"https:\/\/api.w.org\/{rel}","templated":true}]}}