{"id":169,"date":"2013-11-11T10:34:47","date_gmt":"2013-11-11T09:34:47","guid":{"rendered":"http:\/\/www.lamerci.org\/?page_id=169"},"modified":"2013-12-08T17:21:57","modified_gmt":"2013-12-08T16:21:57","slug":"bon-esper","status":"publish","type":"page","link":"https:\/\/www.lamerci.org\/?page_id=169","title":{"rendered":"Bon Esper"},"content":{"rendered":"<p style=\"text-align: center;\">[acx_slideshow name=\u00a0\u00bbBon Esper\u00a0\u00bb]<\/p>\n<p><b>La prise en compte<\/b> de l\u2019\u00e9volution ou de\u00a0 l\u2019involution des personnes handicap\u00e9es mentales oriente nos actions et\u00a0 pr\u00e9cise notre volont\u00e9 de faire face \u00e0 leurs besoins.<\/p>\n<p>Une maison situ\u00e9e rue Jules Ferry \u00e0 Vaison La romaine est achet\u00e9e en 1981.<\/p>\n<p><a href=\"http:\/\/www.lamerci.org\/wp-content\/uploads\/2013\/11\/pont-romain1.png\"><img decoding=\"async\" loading=\"lazy\" class=\"size-full wp-image-617 alignright\" alt=\"pont romain\" src=\"http:\/\/www.lamerci.org\/wp-content\/uploads\/2013\/11\/pont-romain1.png\" width=\"260\" height=\"115\" \/><\/a><\/p>\n<p><b>Ce foyer,\u00a0 ouvert le 14 septembre 1983<\/b>, a \u00e9t\u00e9 la premi\u00e8re \u00e9tape de la prise en compte du\u00a0 vieillissement des personnes h\u00e9berg\u00e9es \u00e0 \u00ab\u00a0La Ramade\u00a0\u00bb. D&rsquo;abord appel\u00e9 \u00ab\u00a0Arcoulan\u00a0\u00bb qui signifie arc-en-ciel en proven\u00e7al, il est appel\u00e9 \u00ab\u00a0Bon Esper\u00a0\u00bb qui signifie bonne esp\u00e9rance.<\/p>\n<p><strong><span style=\"color: #000000;\">Vingt\u00a0<\/span><\/strong>personnes\u00a0 d\u00e9pendantes, polyhandicap\u00e9es par l\u2019\u00e2ge ou la maladie, trouvent \u00e0 \u00ab\u00a0<b>Bon Esper<\/b>\u00a0\u00bb une vie familiale\u00a0 chaleureuse et fraternelle, quels que soient leurs besoins et leurs\u00a0 possibilit\u00e9s.<\/p>\n<p><b>Selon leurs\u00a0 potentialit\u00e9s<\/b> et\u00a0 leurs possibilit\u00e9s physiques, elles participent \u00e0 des ateliers de musique,\u00a0 peinture, pyrogravure, poterie, perles, peinture sur soie et \u00e0 des activit\u00e9s\u00a0 culturelles ou de loisirs.<\/p>\n<p>&nbsp;<\/p>\n","protected":false},"excerpt":{"rendered":"<p>[acx_slideshow name=\u00a0\u00bbBon Esper\u00a0\u00bb] La prise en compte de l\u2019\u00e9volution ou de\u00a0 l\u2019involution des personnes handicap\u00e9es mentales oriente nos actions et\u00a0 pr\u00e9cise notre volont\u00e9 de faire face \u00e0 leurs besoins. Une maison situ\u00e9e rue Jules Ferry \u00e0 Vaison La romaine est &hellip; <a href=\"https:\/\/www.lamerci.org\/?page_id=169\">Continuer la lecture <span class=\"meta-nav\">&rarr;<\/span><\/a><\/p>\n","protected":false},"author":1,"featured_media":0,"parent":165,"menu_order":2,"comment_status":"closed","ping_status":"closed","template":"onecolumn-page.php","meta":{"_exactmetrics_skip_tracking":false,"_exactmetrics_sitenote_active":false,"_exactmetrics_sitenote_note":"","_exactmetrics_sitenote_category":0},"_links":{"self":[{"href":"https:\/\/www.lamerci.org\/index.php?rest_route=\/wp\/v2\/pages\/169"}],"collection":[{"href":"https:\/\/www.lamerci.org\/index.php?rest_route=\/wp\/v2\/pages"}],"about":[{"href":"https:\/\/www.lamerci.org\/index.php?rest_route=\/wp\/v2\/types\/page"}],"author":[{"embeddable":true,"href":"https:\/\/www.lamerci.org\/index.php?rest_route=\/wp\/v2\/users\/1"}],"replies":[{"embeddable":true,"href":"https:\/\/www.lamerci.org\/index.php?rest_route=%2Fwp%2Fv2%2Fcomments&post=169"}],"version-history":[{"count":9,"href":"https:\/\/www.lamerci.org\/index.php?rest_route=\/wp\/v2\/pages\/169\/revisions"}],"predecessor-version":[{"id":620,"href":"https:\/\/www.lamerci.org\/index.php?rest_route=\/wp\/v2\/pages\/169\/revisions\/620"}],"up":[{"embeddable":true,"href":"https:\/\/www.lamerci.org\/index.php?rest_route=\/wp\/v2\/pages\/165"}],"wp:attachment":[{"href":"https:\/\/www.lamerci.org\/index.php?rest_route=%2Fwp%2Fv2%2Fmedia&parent=169"}],"curies":[{"name":"wp","href":"https:\/\/api.w.org\/{rel}","templated":true}]}}