{"id":1755,"date":"2020-02-10T17:20:58","date_gmt":"2020-02-10T16:20:58","guid":{"rendered":"http:\/\/www.lamerci.org\/?page_id=1755"},"modified":"2020-02-12T15:42:58","modified_gmt":"2020-02-12T14:42:58","slug":"fetes-des-familles","status":"publish","type":"page","link":"https:\/\/www.lamerci.org\/?page_id=1755","title":{"rendered":"F\u00eates de La Merci"},"content":{"rendered":"\n<p>La F\u00eate de La Merci est un moment de rencontre convivial important entre les familles, tuteurs et amis qui peuvent \u00e9changer avec les membres du Conseil d&rsquo;Administration, les cadres des Etablissements et les \u00e9ducateurs qui s&rsquo;occupent de leur proche en permanence. Elle suit g\u00e9n\u00e9ralement l&rsquo;assembl\u00e9e g\u00e9n\u00e9rale ordinaire. <\/p>\n\n\n\n<ul class=\"is-layout-flex wp-block-gallery-1 wp-block-gallery columns-3 is-cropped\"><li class=\"blocks-gallery-item\"><figure><img decoding=\"async\" loading=\"lazy\" width=\"3836\" height=\"2324\" src=\"https:\/\/i2.wp.com\/www.lamerci.org\/wp-content\/uploads\/2020\/02\/AG-concert-sept-18-1.jpg?fit=640%2C388\" alt=\"\" data-id=\"1818\" data-link=\"http:\/\/www.lamerci.org\/?attachment_id=1818\" class=\"wp-image-1818\" srcset=\"https:\/\/www.lamerci.org\/wp-content\/uploads\/2020\/02\/AG-concert-sept-18-1.jpg 3836w, https:\/\/www.lamerci.org\/wp-content\/uploads\/2020\/02\/AG-concert-sept-18-1-300x182.jpg 300w, https:\/\/www.lamerci.org\/wp-content\/uploads\/2020\/02\/AG-concert-sept-18-1-768x465.jpg 768w, https:\/\/www.lamerci.org\/wp-content\/uploads\/2020\/02\/AG-concert-sept-18-1-1024x620.jpg 1024w\" sizes=\"(max-width: 3836px) 100vw, 3836px\" \/><\/figure><\/li><li class=\"blocks-gallery-item\"><figure><img decoding=\"async\" loading=\"lazy\" width=\"3698\" height=\"1999\" src=\"https:\/\/i2.wp.com\/www.lamerci.org\/wp-content\/uploads\/2020\/02\/AG-concert-2-sept18-1.jpg?fit=640%2C346\" alt=\"\" data-id=\"1820\" data-link=\"http:\/\/www.lamerci.org\/?attachment_id=1820\" class=\"wp-image-1820\" srcset=\"https:\/\/www.lamerci.org\/wp-content\/uploads\/2020\/02\/AG-concert-2-sept18-1.jpg 3698w, https:\/\/www.lamerci.org\/wp-content\/uploads\/2020\/02\/AG-concert-2-sept18-1-300x162.jpg 300w, https:\/\/www.lamerci.org\/wp-content\/uploads\/2020\/02\/AG-concert-2-sept18-1-768x415.jpg 768w, https:\/\/www.lamerci.org\/wp-content\/uploads\/2020\/02\/AG-concert-2-sept18-1-1024x554.jpg 1024w\" sizes=\"(max-width: 3698px) 100vw, 3698px\" \/><\/figure><\/li><li class=\"blocks-gallery-item\"><figure><img decoding=\"async\" loading=\"lazy\" width=\"1632\" height=\"1166\" src=\"https:\/\/i1.wp.com\/www.lamerci.org\/wp-content\/uploads\/2020\/02\/AG-La-chenille-2-sept18-1.jpg?fit=640%2C458\" alt=\"\" data-id=\"1822\" data-link=\"http:\/\/www.lamerci.org\/?attachment_id=1822\" class=\"wp-image-1822\" srcset=\"https:\/\/www.lamerci.org\/wp-content\/uploads\/2020\/02\/AG-La-chenille-2-sept18-1.jpg 1632w, https:\/\/www.lamerci.org\/wp-content\/uploads\/2020\/02\/AG-La-chenille-2-sept18-1-300x214.jpg 300w, https:\/\/www.lamerci.org\/wp-content\/uploads\/2020\/02\/AG-La-chenille-2-sept18-1-768x549.jpg 768w, https:\/\/www.lamerci.org\/wp-content\/uploads\/2020\/02\/AG-La-chenille-2-sept18-1-1024x732.jpg 1024w\" sizes=\"(max-width: 1632px) 100vw, 1632px\" \/><\/figure><\/li><li class=\"blocks-gallery-item\"><figure><img decoding=\"async\" loading=\"lazy\" width=\"1770\" height=\"1166\" src=\"https:\/\/i2.wp.com\/www.lamerci.org\/wp-content\/uploads\/2020\/02\/AG-La-chenille-sept18-1.jpg?fit=640%2C422\" alt=\"\" data-id=\"1824\" data-link=\"http:\/\/www.lamerci.org\/?attachment_id=1824\" class=\"wp-image-1824\" srcset=\"https:\/\/www.lamerci.org\/wp-content\/uploads\/2020\/02\/AG-La-chenille-sept18-1.jpg 1770w, https:\/\/www.lamerci.org\/wp-content\/uploads\/2020\/02\/AG-La-chenille-sept18-1-300x198.jpg 300w, https:\/\/www.lamerci.org\/wp-content\/uploads\/2020\/02\/AG-La-chenille-sept18-1-768x506.jpg 768w, https:\/\/www.lamerci.org\/wp-content\/uploads\/2020\/02\/AG-La-chenille-sept18-1-1024x675.jpg 1024w\" sizes=\"(max-width: 1770px) 100vw, 1770px\" \/><\/figure><\/li><li class=\"blocks-gallery-item\"><figure><img decoding=\"async\" loading=\"lazy\" width=\"2741\" height=\"1673\" src=\"https:\/\/i1.wp.com\/www.lamerci.org\/wp-content\/uploads\/2020\/02\/AG-La-Merci-sept18-1.jpg?fit=640%2C391\" alt=\"\" data-id=\"1826\" data-link=\"http:\/\/www.lamerci.org\/?attachment_id=1826\" class=\"wp-image-1826\" srcset=\"https:\/\/www.lamerci.org\/wp-content\/uploads\/2020\/02\/AG-La-Merci-sept18-1.jpg 2741w, https:\/\/www.lamerci.org\/wp-content\/uploads\/2020\/02\/AG-La-Merci-sept18-1-300x183.jpg 300w, https:\/\/www.lamerci.org\/wp-content\/uploads\/2020\/02\/AG-La-Merci-sept18-1-768x469.jpg 768w, https:\/\/www.lamerci.org\/wp-content\/uploads\/2020\/02\/AG-La-Merci-sept18-1-1024x625.jpg 1024w\" sizes=\"(max-width: 2741px) 100vw, 2741px\" \/><\/figure><\/li><li class=\"blocks-gallery-item\"><figure><img decoding=\"async\" loading=\"lazy\" width=\"1555\" height=\"2469\" src=\"https:\/\/i2.wp.com\/www.lamerci.org\/wp-content\/uploads\/2020\/02\/AG-Repas-de\u0301co-2-sept18-1.jpg?fit=640%2C1016\" alt=\"\" data-id=\"1828\" data-link=\"http:\/\/www.lamerci.org\/?attachment_id=1828\" class=\"wp-image-1828\" srcset=\"https:\/\/www.lamerci.org\/wp-content\/uploads\/2020\/02\/AG-Repas-de\u0301co-2-sept18-1.jpg 1555w, https:\/\/www.lamerci.org\/wp-content\/uploads\/2020\/02\/AG-Repas-de\u0301co-2-sept18-1-189x300.jpg 189w, https:\/\/www.lamerci.org\/wp-content\/uploads\/2020\/02\/AG-Repas-de\u0301co-2-sept18-1-768x1219.jpg 768w, https:\/\/www.lamerci.org\/wp-content\/uploads\/2020\/02\/AG-Repas-de\u0301co-2-sept18-1-645x1024.jpg 645w\" sizes=\"(max-width: 1555px) 100vw, 1555px\" \/><\/figure><\/li><li class=\"blocks-gallery-item\"><figure><img decoding=\"async\" loading=\"lazy\" width=\"1900\" height=\"3196\" src=\"https:\/\/i1.wp.com\/www.lamerci.org\/wp-content\/uploads\/2020\/02\/AG-Repas-de\u0301co-3-sept18-1.jpg?fit=609%2C1024\" alt=\"\" data-id=\"1830\" data-link=\"http:\/\/www.lamerci.org\/?attachment_id=1830\" class=\"wp-image-1830\" srcset=\"https:\/\/www.lamerci.org\/wp-content\/uploads\/2020\/02\/AG-Repas-de\u0301co-3-sept18-1.jpg 1900w, https:\/\/www.lamerci.org\/wp-content\/uploads\/2020\/02\/AG-Repas-de\u0301co-3-sept18-1-178x300.jpg 178w, https:\/\/www.lamerci.org\/wp-content\/uploads\/2020\/02\/AG-Repas-de\u0301co-3-sept18-1-768x1292.jpg 768w, https:\/\/www.lamerci.org\/wp-content\/uploads\/2020\/02\/AG-Repas-de\u0301co-3-sept18-1-609x1024.jpg 609w\" sizes=\"(max-width: 1900px) 100vw, 1900px\" \/><\/figure><\/li><li class=\"blocks-gallery-item\"><figure><img decoding=\"async\" loading=\"lazy\" width=\"3721\" height=\"2569\" src=\"https:\/\/i2.wp.com\/www.lamerci.org\/wp-content\/uploads\/2020\/02\/AG-Repas-de\u0301co-sept18-1.jpg?fit=640%2C442\" alt=\"\" data-id=\"1832\" data-link=\"http:\/\/www.lamerci.org\/?attachment_id=1832\" class=\"wp-image-1832\" srcset=\"https:\/\/www.lamerci.org\/wp-content\/uploads\/2020\/02\/AG-Repas-de\u0301co-sept18-1.jpg 3721w, https:\/\/www.lamerci.org\/wp-content\/uploads\/2020\/02\/AG-Repas-de\u0301co-sept18-1-300x207.jpg 300w, https:\/\/www.lamerci.org\/wp-content\/uploads\/2020\/02\/AG-Repas-de\u0301co-sept18-1-768x530.jpg 768w, https:\/\/www.lamerci.org\/wp-content\/uploads\/2020\/02\/AG-Repas-de\u0301co-sept18-1-1024x707.jpg 1024w\" sizes=\"(max-width: 3721px) 100vw, 3721px\" \/><\/figure><\/li><li class=\"blocks-gallery-item\"><figure><img decoding=\"async\" loading=\"lazy\" width=\"3915\" height=\"1746\" src=\"https:\/\/i1.wp.com\/www.lamerci.org\/wp-content\/uploads\/2020\/02\/AG-Repas-sept18.jpg?fit=640%2C286\" alt=\"\" data-id=\"1835\" data-link=\"http:\/\/www.lamerci.org\/?attachment_id=1835\" class=\"wp-image-1835\" srcset=\"https:\/\/www.lamerci.org\/wp-content\/uploads\/2020\/02\/AG-Repas-sept18.jpg 3915w, https:\/\/www.lamerci.org\/wp-content\/uploads\/2020\/02\/AG-Repas-sept18-300x134.jpg 300w, https:\/\/www.lamerci.org\/wp-content\/uploads\/2020\/02\/AG-Repas-sept18-768x343.jpg 768w, https:\/\/www.lamerci.org\/wp-content\/uploads\/2020\/02\/AG-Repas-sept18-1024x457.jpg 1024w\" sizes=\"(max-width: 3915px) 100vw, 3915px\" \/><\/figure><\/li><li class=\"blocks-gallery-item\"><figure><img decoding=\"async\" loading=\"lazy\" width=\"1930\" height=\"1008\" src=\"https:\/\/i0.wp.com\/www.lamerci.org\/wp-content\/uploads\/2020\/02\/AG-Salade-de-fruit-2-sept18-1.jpg?fit=640%2C334\" alt=\"\" data-id=\"1836\" data-link=\"http:\/\/www.lamerci.org\/?attachment_id=1836\" class=\"wp-image-1836\" srcset=\"https:\/\/www.lamerci.org\/wp-content\/uploads\/2020\/02\/AG-Salade-de-fruit-2-sept18-1.jpg 1930w, https:\/\/www.lamerci.org\/wp-content\/uploads\/2020\/02\/AG-Salade-de-fruit-2-sept18-1-300x157.jpg 300w, https:\/\/www.lamerci.org\/wp-content\/uploads\/2020\/02\/AG-Salade-de-fruit-2-sept18-1-768x401.jpg 768w, https:\/\/www.lamerci.org\/wp-content\/uploads\/2020\/02\/AG-Salade-de-fruit-2-sept18-1-1024x535.jpg 1024w\" sizes=\"(max-width: 1930px) 100vw, 1930px\" \/><\/figure><\/li><li class=\"blocks-gallery-item\"><figure><img decoding=\"async\" loading=\"lazy\" width=\"1416\" height=\"1148\" src=\"https:\/\/i1.wp.com\/www.lamerci.org\/wp-content\/uploads\/2020\/02\/AG-Salade-de-fruit-sept18-1.jpg?fit=640%2C519\" alt=\"\" data-id=\"1838\" data-link=\"http:\/\/www.lamerci.org\/?attachment_id=1838\" class=\"wp-image-1838\" srcset=\"https:\/\/www.lamerci.org\/wp-content\/uploads\/2020\/02\/AG-Salade-de-fruit-sept18-1.jpg 1416w, https:\/\/www.lamerci.org\/wp-content\/uploads\/2020\/02\/AG-Salade-de-fruit-sept18-1-300x243.jpg 300w, https:\/\/www.lamerci.org\/wp-content\/uploads\/2020\/02\/AG-Salade-de-fruit-sept18-1-768x623.jpg 768w, https:\/\/www.lamerci.org\/wp-content\/uploads\/2020\/02\/AG-Salade-de-fruit-sept18-1-1024x830.jpg 1024w\" sizes=\"(max-width: 1416px) 100vw, 1416px\" \/><\/figure><\/li><\/ul>\n","protected":false},"excerpt":{"rendered":"<p>La F\u00eate de La Merci est un moment de rencontre convivial important entre les familles, tuteurs et amis qui peuvent \u00e9changer avec les membres du Conseil d&rsquo;Administration, les cadres des Etablissements et les \u00e9ducateurs qui s&rsquo;occupent de leur proche en &hellip; <a href=\"https:\/\/www.lamerci.org\/?page_id=1755\">Continuer la lecture <span class=\"meta-nav\">&rarr;<\/span><\/a><\/p>\n","protected":false},"author":1,"featured_media":0,"parent":195,"menu_order":3,"comment_status":"closed","ping_status":"closed","template":"onecolumn-page.php","meta":{"_exactmetrics_skip_tracking":false,"_exactmetrics_sitenote_active":false,"_exactmetrics_sitenote_note":"","_exactmetrics_sitenote_category":0},"_links":{"self":[{"href":"https:\/\/www.lamerci.org\/index.php?rest_route=\/wp\/v2\/pages\/1755"}],"collection":[{"href":"https:\/\/www.lamerci.org\/index.php?rest_route=\/wp\/v2\/pages"}],"about":[{"href":"https:\/\/www.lamerci.org\/index.php?rest_route=\/wp\/v2\/types\/page"}],"author":[{"embeddable":true,"href":"https:\/\/www.lamerci.org\/index.php?rest_route=\/wp\/v2\/users\/1"}],"replies":[{"embeddable":true,"href":"https:\/\/www.lamerci.org\/index.php?rest_route=%2Fwp%2Fv2%2Fcomments&post=1755"}],"version-history":[{"count":3,"href":"https:\/\/www.lamerci.org\/index.php?rest_route=\/wp\/v2\/pages\/1755\/revisions"}],"predecessor-version":[{"id":1841,"href":"https:\/\/www.lamerci.org\/index.php?rest_route=\/wp\/v2\/pages\/1755\/revisions\/1841"}],"up":[{"embeddable":true,"href":"https:\/\/www.lamerci.org\/index.php?rest_route=\/wp\/v2\/pages\/195"}],"wp:attachment":[{"href":"https:\/\/www.lamerci.org\/index.php?rest_route=%2Fwp%2Fv2%2Fmedia&parent=1755"}],"curies":[{"name":"wp","href":"https:\/\/api.w.org\/{rel}","templated":true}]}}