{"id":1787,"date":"2020-02-11T15:45:29","date_gmt":"2020-02-11T14:45:29","guid":{"rendered":"http:\/\/www.lamerci.org\/?page_id=1787"},"modified":"2020-02-11T15:47:10","modified_gmt":"2020-02-11T14:47:10","slug":"la-commission-evenements","status":"publish","type":"page","link":"https:\/\/www.lamerci.org\/?page_id=1787","title":{"rendered":"La Commission Ev\u00e8nements"},"content":{"rendered":"\n<p style=\"text-align:left\">La commission Ev\u00e9nement a d\u00e9cid\u00e9 de r\u00e9aliser un d\u00e9fil\u00e9 de mode sur le th\u00e8me du carnaval de Venise pour les 40 ans de La Ramade . Pour financer cet \u00e9v\u00e9nement une soir\u00e9e italienne a eu lieu dans la salle des f\u00eates de Villedieu avec l\u2019aide des \u00e9ducateurs, ancien cuisinier, membres de la Commission .<\/p>\n\n\n\n<p>Pour la pr\u00e9paration du d\u00e9fil\u00e9, les costumes \u00e9t\u00e9 r\u00e9alis\u00e9s \u00e0 La Ramade en collaboration avec une \u00e9cole de couture d\u2019Avignon .<\/p>\n\n\n\n<p>Le d\u00e9fil\u00e9 du 27 Juin 2015 a \u00e9t\u00e9 un grand succ\u00e8s et \u00e0 g\u00e9n\u00e9r\u00e9 beaucoup d\u2019\u00e9motion chez les parents .<\/p>\n\n\n\n<p>La commission Ev\u00e9nement s\u2019occupe chaque ann\u00e9e de l\u2019organisation de la f\u00eate des familles, et la d\u00e9coration des tables est faite, suivant le th\u00e8me choisi par les r\u00e9sidents des 2 foyers<\/p>\n\n\n\n<p> La commission s\u2019occupe aussi, aid\u00e9e par l\u2019ESAT de l\u2019op\u00e9ration \u00ab Brioches \u00ab . Propos\u00e9e chaque ann\u00e9e par l UNAPEI sur le plan national. Les b\u00e9n\u00e9fices de cette vente sont affect\u00e9s \u00e0 un projet des foyers ou de l\u2019ESAT .<\/p>\n","protected":false},"excerpt":{"rendered":"<p>La commission Ev\u00e9nement a d\u00e9cid\u00e9 de r\u00e9aliser un d\u00e9fil\u00e9 de mode sur le th\u00e8me du carnaval de Venise pour les 40 ans de La Ramade . Pour financer cet \u00e9v\u00e9nement une soir\u00e9e italienne a eu lieu dans la salle des &hellip; <a href=\"https:\/\/www.lamerci.org\/?page_id=1787\">Continuer la lecture <span class=\"meta-nav\">&rarr;<\/span><\/a><\/p>\n","protected":false},"author":1,"featured_media":0,"parent":195,"menu_order":0,"comment_status":"closed","ping_status":"closed","template":"onecolumn-page.php","meta":{"_exactmetrics_skip_tracking":false,"_exactmetrics_sitenote_active":false,"_exactmetrics_sitenote_note":"","_exactmetrics_sitenote_category":0},"_links":{"self":[{"href":"https:\/\/www.lamerci.org\/index.php?rest_route=\/wp\/v2\/pages\/1787"}],"collection":[{"href":"https:\/\/www.lamerci.org\/index.php?rest_route=\/wp\/v2\/pages"}],"about":[{"href":"https:\/\/www.lamerci.org\/index.php?rest_route=\/wp\/v2\/types\/page"}],"author":[{"embeddable":true,"href":"https:\/\/www.lamerci.org\/index.php?rest_route=\/wp\/v2\/users\/1"}],"replies":[{"embeddable":true,"href":"https:\/\/www.lamerci.org\/index.php?rest_route=%2Fwp%2Fv2%2Fcomments&post=1787"}],"version-history":[{"count":2,"href":"https:\/\/www.lamerci.org\/index.php?rest_route=\/wp\/v2\/pages\/1787\/revisions"}],"predecessor-version":[{"id":1791,"href":"https:\/\/www.lamerci.org\/index.php?rest_route=\/wp\/v2\/pages\/1787\/revisions\/1791"}],"up":[{"embeddable":true,"href":"https:\/\/www.lamerci.org\/index.php?rest_route=\/wp\/v2\/pages\/195"}],"wp:attachment":[{"href":"https:\/\/www.lamerci.org\/index.php?rest_route=%2Fwp%2Fv2%2Fmedia&parent=1787"}],"curies":[{"name":"wp","href":"https:\/\/api.w.org\/{rel}","templated":true}]}}