{"id":185,"date":"2013-11-11T10:44:38","date_gmt":"2013-11-11T09:44:38","guid":{"rendered":"http:\/\/www.lamerci.org\/?page_id=185"},"modified":"2015-07-24T06:36:47","modified_gmt":"2015-07-24T05:36:47","slug":"la-rouvilliere","status":"publish","type":"page","link":"https:\/\/www.lamerci.org\/?page_id=185","title":{"rendered":"La Rouvilli\u00e8re"},"content":{"rendered":"<p><span style=\"font-size: medium;\">[acx_slideshow name=\u00a0\u00bbLa Rouvilli?re\u00a0\u00bb]<\/span><\/p>\n<p><b>Le foyer\u00a0 d&rsquo;h\u00e9bergement de l&rsquo;ESAT a ouvert le 17 mai 1999<\/b>,<\/p>\n<p>L\u2019installation d\u2019un couple de r\u00e9sidents dans le foyer a permis d\u2019accepter un r\u00e9sident suppl\u00e9mentaire. L\u2019effectif est de 18 personnes..<\/p>\n<p>La maison \u00ab\u00a0<b>La Rouvilli\u00e8re<\/b>\u00a0\u00bb fournit actuellement\u00a0 une prestation d&rsquo;h\u00e9bergement de semaine et depuis f\u00e9vrier 2003 ouvre ses\u00a0portes 1 week-end sur deux.<\/p>\n<p><b>Elle\u00a0 assure<\/b>\u00a0 \u00ab\u00a0l&rsquo;habitat\u00a0\u00bb de travailleurs handicap\u00e9s et favorise la mise en place\u00a0 de mesures individualis\u00e9es destin\u00e9es \u00e0 faciliter la vie relationnelle et\u00a0 l&rsquo;insertion des personnes.<\/p>\n<p><b>L&rsquo;implantation\u00a0 et l&rsquo;am\u00e9nagement<\/b>\u00a0 de ce lieu d&rsquo;h\u00e9bergement ont \u00e9t\u00e9 \u00e9tudi\u00e9s en fonction du degr\u00e9 de handicap de\u00a0 ses h\u00f4tes, de la sensibilisation du milieu environnant et des imp\u00e9ratifs techniques\u00a0 d&rsquo;une telle structure.<\/p>\n<p><b>La\u00a0 Rouvilli\u00e8re<\/b> a\u00a0 une capacit\u00e9 d&rsquo;accueil mixte de 18 places et se situe sur la commune de\u00a0 Vaison-la-Romaine, \u00e0 5 km d&rsquo;un ESAT, les Ateliers\u00a0 Chaud d&rsquo;Abrieu, \u00e0 Roaix.<\/p>\n<p><b>La\u00a0 disposition des locaux<\/b> a \u00e9t\u00e9 \u00e9tudi\u00e9e pour permettre \u00e0 la fois :<\/p>\n<ul>\n<li>De pr\u00e9server l&rsquo;intimit\u00e9 personnelle<\/li>\n<li>De promouvoir une vie\u00a0 communautaire<\/li>\n<li>De cr\u00e9er une dynamique et\u00a0 une vie de groupe<\/li>\n<li>De permettre l&rsquo;apprentissage\u00a0 et l&rsquo;autonomie.<b>Le\u00a0 fonctionnement<\/b>\u00a0 du foyer permet de r\u00e9pondre avec souplesse aux besoins h\u00e9t\u00e9rog\u00e8nes des\u00a0 personnes handicap\u00e9es, \u00e0 leur \u00e9volution que ce soit vers davantage\u00a0 d&rsquo;autonomie dans la vie sociale ou dans le sens de l&rsquo;aggravation des\u00a0 difficult\u00e9s rencontr\u00e9es dans la vie quotidienne.\n<p><b>La Maison<\/b> \u00ab\u00a0<b>La Rouvilli\u00e8re<\/b>\u00a0\u00bb a pour mission de r\u00e9pondre aux\u00a0 besoins sociaux, m\u00e9dico-sociaux et de protection des personnes handicap\u00e9es\u00a0 mentales adultes exer\u00e7ant une activit\u00e9 professionnelle.<\/p>\n<p>L&rsquo;accompagnement\u00a0 consiste, entre autre, \u00e0 aider la personne h\u00e9berg\u00e9e \u00e0 exprimer ses besoins et\u00a0 \u00e0 acc\u00e9der \u00e0 une vie dans la soci\u00e9t\u00e9 lui permettant de jouir de la totalit\u00e9 de\u00a0 ses droits et d&rsquo;accomplir tous ses devoirs.<\/p>\n<p>L&rsquo;exercice des droits et\u00a0des libert\u00e9s individuelles n\u2019est garanti \u00e0 toute personne habitant \u00e0 \u00abLa Rouvilli\u00e8re\u00a0\u00bb, \u00e0 sa famille et \u00e0 son entourage.<\/p>\n<p><b>Chacun \u00e0\u00a0 droit :<\/b><\/li>\n<\/ul>\n<ul>\n<li>Au respect de sa dignit\u00e9, de\u00a0 sa vie priv\u00e9e et de son int\u00e9grit\u00e9 physique et morale.<\/li>\n<li>Au libre choix entre les\u00a0 prestations adapt\u00e9es qui lui sont offertes.<\/li>\n<li>A un accompagnement de\u00a0qualit\u00e9 ouvert et individualis\u00e9, favorisant son autonomie et son libre choix, \u00a0\u00e0 une information sur les garanties de respect de ses droits\u00a0\u00a0\u00a0\u00a0\u00a0\u00a0 fondamentaux.Les personnes\u00a0 handicap\u00e9es sont accueillies en dehors de tout crit\u00e8re social ou religieux.\n<p><b>Une\u00a0 attention particuli\u00e8re<\/b> est port\u00e9e sur les qualit\u00e9s s\u00e9curisantes du lieu de vie et aux\u00a0 soutiens des personnes handicap\u00e9es mentales.<\/p>\n<p>&nbsp;<\/li>\n<\/ul>\n","protected":false},"excerpt":{"rendered":"<p>[acx_slideshow name=\u00a0\u00bbLa Rouvilli?re\u00a0\u00bb] Le foyer\u00a0 d&rsquo;h\u00e9bergement de l&rsquo;ESAT a ouvert le 17 mai 1999, L\u2019installation d\u2019un couple de r\u00e9sidents dans le foyer a permis d\u2019accepter un r\u00e9sident suppl\u00e9mentaire. L\u2019effectif est de 18 personnes.. La maison \u00ab\u00a0La Rouvilli\u00e8re\u00a0\u00bb fournit actuellement\u00a0 une &hellip; <a href=\"https:\/\/www.lamerci.org\/?page_id=185\">Continuer la lecture <span class=\"meta-nav\">&rarr;<\/span><\/a><\/p>\n","protected":false},"author":1,"featured_media":0,"parent":175,"menu_order":2,"comment_status":"closed","ping_status":"closed","template":"onecolumn-page.php","meta":{"_exactmetrics_skip_tracking":false,"_exactmetrics_sitenote_active":false,"_exactmetrics_sitenote_note":"","_exactmetrics_sitenote_category":0},"_links":{"self":[{"href":"https:\/\/www.lamerci.org\/index.php?rest_route=\/wp\/v2\/pages\/185"}],"collection":[{"href":"https:\/\/www.lamerci.org\/index.php?rest_route=\/wp\/v2\/pages"}],"about":[{"href":"https:\/\/www.lamerci.org\/index.php?rest_route=\/wp\/v2\/types\/page"}],"author":[{"embeddable":true,"href":"https:\/\/www.lamerci.org\/index.php?rest_route=\/wp\/v2\/users\/1"}],"replies":[{"embeddable":true,"href":"https:\/\/www.lamerci.org\/index.php?rest_route=%2Fwp%2Fv2%2Fcomments&post=185"}],"version-history":[{"count":3,"href":"https:\/\/www.lamerci.org\/index.php?rest_route=\/wp\/v2\/pages\/185\/revisions"}],"predecessor-version":[{"id":574,"href":"https:\/\/www.lamerci.org\/index.php?rest_route=\/wp\/v2\/pages\/185\/revisions\/574"}],"up":[{"embeddable":true,"href":"https:\/\/www.lamerci.org\/index.php?rest_route=\/wp\/v2\/pages\/175"}],"wp:attachment":[{"href":"https:\/\/www.lamerci.org\/index.php?rest_route=%2Fwp%2Fv2%2Fmedia&parent=185"}],"curies":[{"name":"wp","href":"https:\/\/api.w.org\/{rel}","templated":true}]}}