{"id":187,"date":"2013-11-11T10:45:37","date_gmt":"2013-11-11T09:45:37","guid":{"rendered":"http:\/\/www.lamerci.org\/?page_id=187"},"modified":"2015-07-24T06:37:25","modified_gmt":"2015-07-24T05:37:25","slug":"savs","status":"publish","type":"page","link":"https:\/\/www.lamerci.org\/?page_id=187","title":{"rendered":"SAVS"},"content":{"rendered":"<p>La cr\u00e9ation d\u2019un S.A.V.S le 1<sup><span style=\"font-family: Times New Roman; font-size: small;\">er<\/span><\/sup> Juin 2009 avait pour objectif de r\u00e9pondre aux besoins des personnes suffisamment autonomes pour vivre de mani\u00e8re ind\u00e9pendante, <span style=\"font-family: Times New Roman;\">\u00a0<\/span>mais qui ont besoin ponctuellement d\u2019aide et de soutien.<\/p>\n<p>Ce projet s\u2019inscrit dans le cadre du d\u00e9cret du 11 mars 2005 relatif aux conditions et de fonctionnement des S.A.V.S dont l\u2019article D.312-155-5 pr\u00e9cise sa vocation\u00a0:<\/p>\n<p><i>Les services d\u2019accompagnements \u00e0 la vie sociale ont pour vocation de contribuer \u00e0 la r\u00e9alisation du projet de vie de personnes adultes handicap\u00e9es par un accompagnement adapt\u00e9 favorisant le maintien ou la restauration de leurs liens familiaux, sociaux, universitaires ou professionnels et facilitant leur acc\u00e8s \u00e0 l\u2019ensemble des services offerts par la collectivit\u00e9.<\/i><\/p>\n","protected":false},"excerpt":{"rendered":"<p>La cr\u00e9ation d\u2019un S.A.V.S le 1er Juin 2009 avait pour objectif de r\u00e9pondre aux besoins des personnes suffisamment autonomes pour vivre de mani\u00e8re ind\u00e9pendante, \u00a0mais qui ont besoin ponctuellement d\u2019aide et de soutien. Ce projet s\u2019inscrit dans le cadre du &hellip; <a href=\"https:\/\/www.lamerci.org\/?page_id=187\">Continuer la lecture <span class=\"meta-nav\">&rarr;<\/span><\/a><\/p>\n","protected":false},"author":1,"featured_media":0,"parent":1383,"menu_order":5,"comment_status":"closed","ping_status":"closed","template":"onecolumn-page.php","meta":{"_exactmetrics_skip_tracking":false,"_exactmetrics_sitenote_active":false,"_exactmetrics_sitenote_note":"","_exactmetrics_sitenote_category":0},"_links":{"self":[{"href":"https:\/\/www.lamerci.org\/index.php?rest_route=\/wp\/v2\/pages\/187"}],"collection":[{"href":"https:\/\/www.lamerci.org\/index.php?rest_route=\/wp\/v2\/pages"}],"about":[{"href":"https:\/\/www.lamerci.org\/index.php?rest_route=\/wp\/v2\/types\/page"}],"author":[{"embeddable":true,"href":"https:\/\/www.lamerci.org\/index.php?rest_route=\/wp\/v2\/users\/1"}],"replies":[{"embeddable":true,"href":"https:\/\/www.lamerci.org\/index.php?rest_route=%2Fwp%2Fv2%2Fcomments&post=187"}],"version-history":[{"count":2,"href":"https:\/\/www.lamerci.org\/index.php?rest_route=\/wp\/v2\/pages\/187\/revisions"}],"predecessor-version":[{"id":348,"href":"https:\/\/www.lamerci.org\/index.php?rest_route=\/wp\/v2\/pages\/187\/revisions\/348"}],"up":[{"embeddable":true,"href":"https:\/\/www.lamerci.org\/index.php?rest_route=\/wp\/v2\/pages\/1383"}],"wp:attachment":[{"href":"https:\/\/www.lamerci.org\/index.php?rest_route=%2Fwp%2Fv2%2Fmedia&parent=187"}],"curies":[{"name":"wp","href":"https:\/\/api.w.org\/{rel}","templated":true}]}}