{"id":189,"date":"2013-11-11T10:46:09","date_gmt":"2013-11-11T09:46:09","guid":{"rendered":"http:\/\/www.lamerci.org\/?page_id=189"},"modified":"2015-07-24T06:37:33","modified_gmt":"2015-07-24T05:37:33","slug":"ses-missions","status":"publish","type":"page","link":"https:\/\/www.lamerci.org\/?page_id=189","title":{"rendered":"Ses missions"},"content":{"rendered":"<p><span style=\"color: #000000;\">Le S.A.V.S s\u2019adresse aux usagers qui vivent de fa\u00e7on autonome, seuls, en couple avec ou sans enfant mais qui ont besoin d\u2019aide et de soutien ponctuellement sur des mandats variant de un, deux ou 3 ans.<\/span><\/p>\n<p><span style=\"color: #000000;\">Le S.A.V.S vise \u00e0 un accompagnement global destin\u00e9 \u00e0 favoriser une d\u00e9marche d\u2019autonomie. Toutefois, il garantit un suivi r\u00e9gulier, variable dans sa fr\u00e9quence, son intensit\u00e9 et sa dur\u00e9e, en fonction de chaque demande exprim\u00e9e et selon chaque besoin rep\u00e9r\u00e9.<\/span><\/p>\n<p><span style=\"color: #000000;\">Le S.A.V.S permet un accompagnement personnalis\u00e9. Il consid\u00e8re la personne dans sa probl\u00e9matique individuelle autour de ses besoins, dans le respect de sa dignit\u00e9 et de sa vie priv\u00e9e. Il mobilise le sujet en tant qu\u2019acteur principal de son projet et ne se pr\u00e9sente pas comme un service de contr\u00f4le.<\/span><\/p>\n<p><span style=\"color: #000000;\">\u00a0<\/span><\/p>\n<p><span style=\"color: #000000;\">Le S.A.V.S. :<\/span><\/p>\n<p><span style=\"color: #000000;\">\u00a0<\/span><\/p>\n<ul>\n<li><span style=\"color: #000000;\">Favorise l\u2019int\u00e9gration dans la vie sociale ordinaire<\/span><\/li>\n<li><span style=\"color: #000000;\">D\u00e9veloppe les capacit\u00e9s physiques et mentales, de fa\u00e7on \u00e0 favoriser au maximum l\u2019autonomie<\/span><\/li>\n<li><span style=\"color: #000000;\">Soutient dans l\u2019acc\u00e8s \u00e0 la sant\u00e9 et \u00e0 la s\u00e9curit\u00e9 en apportant l\u2019aide n\u00e9cessaire pour parer aux difficult\u00e9s rencontr\u00e9es.<\/span><\/li>\n<li><span style=\"color: #000000;\">Propose un accompagnement appropri\u00e9 pour tous les actes courants de la vie quotidienne.<\/span><\/li>\n<li><span style=\"color: #888888;\"><span style=\"color: #000000;\">Met en place des relais ad\u00e9quats en rapport avec le projet<\/span> <span style=\"color: #000000;\">de vie.<\/span><\/span><\/li>\n<\/ul>\n","protected":false},"excerpt":{"rendered":"<p>Le S.A.V.S s\u2019adresse aux usagers qui vivent de fa\u00e7on autonome, seuls, en couple avec ou sans enfant mais qui ont besoin d\u2019aide et de soutien ponctuellement sur des mandats variant de un, deux ou 3 ans. Le S.A.V.S vise \u00e0 &hellip; <a href=\"https:\/\/www.lamerci.org\/?page_id=189\">Continuer la lecture <span class=\"meta-nav\">&rarr;<\/span><\/a><\/p>\n","protected":false},"author":1,"featured_media":0,"parent":187,"menu_order":1,"comment_status":"closed","ping_status":"closed","template":"onecolumn-page.php","meta":{"_exactmetrics_skip_tracking":false,"_exactmetrics_sitenote_active":false,"_exactmetrics_sitenote_note":"","_exactmetrics_sitenote_category":0},"_links":{"self":[{"href":"https:\/\/www.lamerci.org\/index.php?rest_route=\/wp\/v2\/pages\/189"}],"collection":[{"href":"https:\/\/www.lamerci.org\/index.php?rest_route=\/wp\/v2\/pages"}],"about":[{"href":"https:\/\/www.lamerci.org\/index.php?rest_route=\/wp\/v2\/types\/page"}],"author":[{"embeddable":true,"href":"https:\/\/www.lamerci.org\/index.php?rest_route=\/wp\/v2\/users\/1"}],"replies":[{"embeddable":true,"href":"https:\/\/www.lamerci.org\/index.php?rest_route=%2Fwp%2Fv2%2Fcomments&post=189"}],"version-history":[{"count":2,"href":"https:\/\/www.lamerci.org\/index.php?rest_route=\/wp\/v2\/pages\/189\/revisions"}],"predecessor-version":[{"id":350,"href":"https:\/\/www.lamerci.org\/index.php?rest_route=\/wp\/v2\/pages\/189\/revisions\/350"}],"up":[{"embeddable":true,"href":"https:\/\/www.lamerci.org\/index.php?rest_route=\/wp\/v2\/pages\/187"}],"wp:attachment":[{"href":"https:\/\/www.lamerci.org\/index.php?rest_route=%2Fwp%2Fv2%2Fmedia&parent=189"}],"curies":[{"name":"wp","href":"https:\/\/api.w.org\/{rel}","templated":true}]}}