{"id":191,"date":"2013-11-11T10:46:42","date_gmt":"2013-11-11T09:46:42","guid":{"rendered":"http:\/\/www.lamerci.org\/?page_id=191"},"modified":"2015-07-24T06:37:42","modified_gmt":"2015-07-24T05:37:42","slug":"beneficiaires","status":"publish","type":"page","link":"https:\/\/www.lamerci.org\/?page_id=191","title":{"rendered":"B\u00e9n\u00e9ficiaires"},"content":{"rendered":"<p><span style=\"color: #000000;\">Le SAVS accompagne toutes personnes, vivant sur les cantons de Vaison La Romaine ou de Valr\u00e9as, ayant au moins 18 ans, habitant seuls, en couple avec ou sans enfants, et disposant d\u2019une orientation M.D.P.H. pour un S.A.V.S.<\/span><\/p>\n<p><span style=\"color: #000000;\">\u00a0<\/span><span style=\"color: #000000;\">Le plus souvent ce sont des personnes assez isol\u00e9es avec une fracture sociale plus ou moins prononc\u00e9e et qui ont besoin de rep\u00e8res afin de r\u00e9aliser leur projet de vie.<\/span><\/p>\n","protected":false},"excerpt":{"rendered":"<p>Le SAVS accompagne toutes personnes, vivant sur les cantons de Vaison La Romaine ou de Valr\u00e9as, ayant au moins 18 ans, habitant seuls, en couple avec ou sans enfants, et disposant d\u2019une orientation M.D.P.H. pour un S.A.V.S. \u00a0Le plus souvent &hellip; <a href=\"https:\/\/www.lamerci.org\/?page_id=191\">Continuer la lecture <span class=\"meta-nav\">&rarr;<\/span><\/a><\/p>\n","protected":false},"author":1,"featured_media":0,"parent":187,"menu_order":2,"comment_status":"closed","ping_status":"closed","template":"onecolumn-page.php","meta":{"_exactmetrics_skip_tracking":false,"_exactmetrics_sitenote_active":false,"_exactmetrics_sitenote_note":"","_exactmetrics_sitenote_category":0},"_links":{"self":[{"href":"https:\/\/www.lamerci.org\/index.php?rest_route=\/wp\/v2\/pages\/191"}],"collection":[{"href":"https:\/\/www.lamerci.org\/index.php?rest_route=\/wp\/v2\/pages"}],"about":[{"href":"https:\/\/www.lamerci.org\/index.php?rest_route=\/wp\/v2\/types\/page"}],"author":[{"embeddable":true,"href":"https:\/\/www.lamerci.org\/index.php?rest_route=\/wp\/v2\/users\/1"}],"replies":[{"embeddable":true,"href":"https:\/\/www.lamerci.org\/index.php?rest_route=%2Fwp%2Fv2%2Fcomments&post=191"}],"version-history":[{"count":3,"href":"https:\/\/www.lamerci.org\/index.php?rest_route=\/wp\/v2\/pages\/191\/revisions"}],"predecessor-version":[{"id":352,"href":"https:\/\/www.lamerci.org\/index.php?rest_route=\/wp\/v2\/pages\/191\/revisions\/352"}],"up":[{"embeddable":true,"href":"https:\/\/www.lamerci.org\/index.php?rest_route=\/wp\/v2\/pages\/187"}],"wp:attachment":[{"href":"https:\/\/www.lamerci.org\/index.php?rest_route=%2Fwp%2Fv2%2Fmedia&parent=191"}],"curies":[{"name":"wp","href":"https:\/\/api.w.org\/{rel}","templated":true}]}}