{"id":193,"date":"2013-11-11T10:47:14","date_gmt":"2013-11-11T09:47:14","guid":{"rendered":"http:\/\/www.lamerci.org\/?page_id=193"},"modified":"2015-07-24T06:37:50","modified_gmt":"2015-07-24T05:37:50","slug":"organisation-et-moyens","status":"publish","type":"page","link":"https:\/\/www.lamerci.org\/?page_id=193","title":{"rendered":"Organisation et moyens"},"content":{"rendered":"<p><span style=\"color: #000000;\"><b><i>Les locaux<\/i><\/b><\/span><\/p>\n<p><span style=\"color: #000000;\">Suite \u00e0 l\u2019abandon du projet BE3, le SAVS s\u2019est install\u00e9 dans des locaux provisoires dans le centre de Vaison tout pr\u00e8s de la place Montfort. <\/span><\/p>\n<p><span style=\"color: #000000;\"><b>Le\u00a0personnel\u00a0<\/b><\/span><\/p>\n<p><span style=\"color: #000000;\">\u00a0<\/span><\/p>\n<table border=\"1\" cellspacing=\"0\" cellpadding=\"0\" align=\"left\">\n<tbody>\n<tr>\n<td valign=\"top\" width=\"177\"><span style=\"color: #000000;\">ENCADREMENT<\/span><\/td>\n<td valign=\"top\" width=\"180\"><span style=\"color: #000000;\">1 Directeur<\/span><\/td>\n<td valign=\"top\" width=\"47\"><span style=\"color: #000000;\">0.17<\/span><\/td>\n<\/tr>\n<tr>\n<td valign=\"top\" width=\"177\"><span style=\"color: #000000;\">PERSONNEL EDUCATIF<\/span><\/td>\n<td valign=\"top\" width=\"180\"><span style=\"color: #000000;\">1 Educatrice sp\u00e9cialis\u00e9e<\/span><\/p>\n<p><span style=\"color: #000000;\">1 Conseill\u00e8re ESF<\/span><\/td>\n<td valign=\"top\" width=\"47\">\n<p align=\"center\"><span style=\"color: #000000;\">\u00a0<\/span><\/p>\n<p align=\"center\"><span style=\"color: #000000;\">2<\/span><\/p>\n<\/td>\n<\/tr>\n<\/tbody>\n<\/table>\n<p><span style=\"color: #000000;\"><b><i>\u00a0<\/i><\/b><\/span><\/p>\n<p><span style=\"color: #000000;\"><b><i>\u00a0<\/i><\/b><\/span><span style=\"color: #000000;\"><b><i>Les Supports <\/i><\/b><\/span><\/p>\n<ul>\n<li><span style=\"color: #000000;\">Le livret d\u2019accueil \u2013 cr\u00e9e en 2009 \u2013 est remis aux b\u00e9n\u00e9ficiaires \u00e0 leur entr\u00e9e dans le service.<\/span><\/li>\n<li><span style=\"color: #000000;\">Le contrat d\u2019accompagnement ainsi que le projet personnalis\u00e9 \u00e9labor\u00e9 avec le b\u00e9n\u00e9ficiaire sont sign\u00e9s suite \u00e0 son admission.<\/span><\/li>\n<li><span style=\"color: #000000;\">Le dossier individuel pour chaque usager dit \u00ab\u00a0dossier unique\u00a0\u00bb est consultable par l\u2019usager.<\/span><\/li>\n<\/ul>\n<p><span style=\"color: #000000;\"><b><i>\u00a0<\/i><\/b><\/span><span style=\"color: #000000;\"><b><i> Les r\u00e9unions<\/i><\/b><\/span><\/p>\n<p><span style=\"color: #000000;\">Une r\u00e9union de service en pr\u00e9sence de la Direction (directeur et\/ou cadre \u00e9ducative) a lieu au sein du S.A.V.S par quinzaine.<\/span><\/p>\n<p><span style=\"color: #000000;\">Une r\u00e9union appel\u00e9e \u00ab\u00a0D\u00e9marche qualit\u00e9\u00a0\u00bb a lieu au sein du S.A.V.S par quinzaine en pr\u00e9sence du r\u00e9f\u00e9rent qualit\u00e9 de l\u2019Etablissement.<\/span><\/p>\n<p><span style=\"color: #000000;\">L\u2019\u00e9quipe b\u00e9n\u00e9ficie d\u2019une fois par mois d\u2019un temps d\u2019analyse de la pratique avec une psychologue.<\/span><\/p>\n","protected":false},"excerpt":{"rendered":"<p>Les locaux Suite \u00e0 l\u2019abandon du projet BE3, le SAVS s\u2019est install\u00e9 dans des locaux provisoires dans le centre de Vaison tout pr\u00e8s de la place Montfort. Le\u00a0personnel\u00a0 \u00a0 ENCADREMENT 1 Directeur 0.17 PERSONNEL EDUCATIF 1 Educatrice sp\u00e9cialis\u00e9e 1 Conseill\u00e8re &hellip; <a href=\"https:\/\/www.lamerci.org\/?page_id=193\">Continuer la lecture <span class=\"meta-nav\">&rarr;<\/span><\/a><\/p>\n","protected":false},"author":1,"featured_media":0,"parent":187,"menu_order":3,"comment_status":"closed","ping_status":"closed","template":"onecolumn-page.php","meta":{"_exactmetrics_skip_tracking":false,"_exactmetrics_sitenote_active":false,"_exactmetrics_sitenote_note":"","_exactmetrics_sitenote_category":0},"_links":{"self":[{"href":"https:\/\/www.lamerci.org\/index.php?rest_route=\/wp\/v2\/pages\/193"}],"collection":[{"href":"https:\/\/www.lamerci.org\/index.php?rest_route=\/wp\/v2\/pages"}],"about":[{"href":"https:\/\/www.lamerci.org\/index.php?rest_route=\/wp\/v2\/types\/page"}],"author":[{"embeddable":true,"href":"https:\/\/www.lamerci.org\/index.php?rest_route=\/wp\/v2\/users\/1"}],"replies":[{"embeddable":true,"href":"https:\/\/www.lamerci.org\/index.php?rest_route=%2Fwp%2Fv2%2Fcomments&post=193"}],"version-history":[{"count":3,"href":"https:\/\/www.lamerci.org\/index.php?rest_route=\/wp\/v2\/pages\/193\/revisions"}],"predecessor-version":[{"id":354,"href":"https:\/\/www.lamerci.org\/index.php?rest_route=\/wp\/v2\/pages\/193\/revisions\/354"}],"up":[{"embeddable":true,"href":"https:\/\/www.lamerci.org\/index.php?rest_route=\/wp\/v2\/pages\/187"}],"wp:attachment":[{"href":"https:\/\/www.lamerci.org\/index.php?rest_route=%2Fwp%2Fv2%2Fmedia&parent=193"}],"curies":[{"name":"wp","href":"https:\/\/api.w.org\/{rel}","templated":true}]}}