{"id":203,"date":"2013-11-11T10:52:43","date_gmt":"2013-11-11T09:52:43","guid":{"rendered":"http:\/\/www.lamerci.org\/?page_id=203"},"modified":"2014-03-03T13:17:12","modified_gmt":"2014-03-03T12:17:12","slug":"devenir-benevole","status":"publish","type":"page","link":"https:\/\/www.lamerci.org\/?page_id=203","title":{"rendered":"Devenir b\u00e9n\u00e9vole"},"content":{"rendered":"<p style=\"text-align: center;\"><iframe loading=\"lazy\" src=\"http:\/\/www.dailymotion.com\/embed\/video\/x14aza7\" height=\"270\" width=\"480\" allowfullscreen=\"\" frameborder=\"0\"><\/iframe><br \/>\n<a href=\"http:\/\/www.dailymotion.com\/video\/x14aza7_etre-benevole_news\" target=\"_blank\">\u00catre b\u00e9n\u00e9vole<\/a> <i>par <a href=\"http:\/\/www.dailymotion.com\/jeunesse-vie-associative\" target=\"_blank\">jeunesse-vie-associative<\/a><\/i><\/p>\n<p>Le b\u00e9n\u00e9vole est celui qui s\u2019engage librement pour mener \u00e0 bien une action non salari\u00e9e, non soumise \u00e0 l\u2019obligation de la loi en dehors de son temps professionnel et familial. Le b\u00e9n\u00e9volat est donc un don de temps librement consenti et gratuit. Exerc\u00e9 dans le cadre associatif, il fait l\u2019objet d\u2019un contrat moral qui implique le respect des r\u00e8gles \u00e9tablies, des structures, d\u2019un r\u00e8glement int\u00e9rieur et induit, de fa\u00e7on fiable, une certaine disponibilit\u00e9 du b\u00e9n\u00e9vole pour contribuer \u00e0 la r\u00e9alisation des objectifs de l&rsquo;association.<\/p>\n<p><a href=\"http:\/\/www.unapei.org\/Devenir-volontaire-associatif.html\" target=\"_blank\">http:\/\/www.unapei.org\/Devenir-volontaire-associatif.html<\/a><\/p>\n<p>Si vous souhaitez vous engager avec nous, merci de contacter notre association avec le formulaire de contact ou en contactant notre secr\u00e9tariat.<\/p>\n<p>T\u00e9l : (33) 04 90 28 93 43 \u2013 Fax : (33) 04 90 28 95 81<\/p>\n<p>E-Mail\u00a0: <a href=\"mailto:cat@lamerci.net\">secretariat@lamerci.net<\/a><\/p>\n<p>&nbsp;<\/p>\n","protected":false},"excerpt":{"rendered":"<p>\u00catre b\u00e9n\u00e9vole par jeunesse-vie-associative Le b\u00e9n\u00e9vole est celui qui s\u2019engage librement pour mener \u00e0 bien une action non salari\u00e9e, non soumise \u00e0 l\u2019obligation de la loi en dehors de son temps professionnel et familial. Le b\u00e9n\u00e9volat est donc un don &hellip; <a href=\"https:\/\/www.lamerci.org\/?page_id=203\">Continuer la lecture <span class=\"meta-nav\">&rarr;<\/span><\/a><\/p>\n","protected":false},"author":1,"featured_media":0,"parent":197,"menu_order":1,"comment_status":"closed","ping_status":"closed","template":"onecolumn-page.php","meta":{"_exactmetrics_skip_tracking":false,"_exactmetrics_sitenote_active":false,"_exactmetrics_sitenote_note":"","_exactmetrics_sitenote_category":0},"_links":{"self":[{"href":"https:\/\/www.lamerci.org\/index.php?rest_route=\/wp\/v2\/pages\/203"}],"collection":[{"href":"https:\/\/www.lamerci.org\/index.php?rest_route=\/wp\/v2\/pages"}],"about":[{"href":"https:\/\/www.lamerci.org\/index.php?rest_route=\/wp\/v2\/types\/page"}],"author":[{"embeddable":true,"href":"https:\/\/www.lamerci.org\/index.php?rest_route=\/wp\/v2\/users\/1"}],"replies":[{"embeddable":true,"href":"https:\/\/www.lamerci.org\/index.php?rest_route=%2Fwp%2Fv2%2Fcomments&post=203"}],"version-history":[{"count":10,"href":"https:\/\/www.lamerci.org\/index.php?rest_route=\/wp\/v2\/pages\/203\/revisions"}],"predecessor-version":[{"id":864,"href":"https:\/\/www.lamerci.org\/index.php?rest_route=\/wp\/v2\/pages\/203\/revisions\/864"}],"up":[{"embeddable":true,"href":"https:\/\/www.lamerci.org\/index.php?rest_route=\/wp\/v2\/pages\/197"}],"wp:attachment":[{"href":"https:\/\/www.lamerci.org\/index.php?rest_route=%2Fwp%2Fv2%2Fmedia&parent=203"}],"curies":[{"name":"wp","href":"https:\/\/api.w.org\/{rel}","templated":true}]}}