{"id":205,"date":"2013-11-11T10:53:15","date_gmt":"2013-11-11T09:53:15","guid":{"rendered":"http:\/\/www.lamerci.org\/?page_id=205"},"modified":"2014-02-26T17:01:42","modified_gmt":"2014-02-26T16:01:42","slug":"adherer-a-lassociation","status":"publish","type":"page","link":"https:\/\/www.lamerci.org\/?page_id=205","title":{"rendered":"Adh\u00e9rer \u00e0 l&rsquo;Association"},"content":{"rendered":"<p>Il y a diff\u00e9rentes mani\u00e8res de s\u2019impliquer dans les activit\u00e9s d\u2019une association.<\/p>\n<ul>\n<li>\u00a0On peut <strong>participer sans \u00eatre membre<\/strong>\u00a0: en effectuant des dons ou en s\u2019impliquant ponctuellement dans certaines actions de l\u2019association.<\/li>\n<\/ul>\n<ul>\n<li>\u00a0On peut \u00eatre membre\u00a0<strong>adh\u00e9rent<\/strong>, en payant r\u00e9guli\u00e8rement une cotisation. Cette participation limit\u00e9e correspond au d\u00e9sir d\u2019\u00eatre inform\u00e9 de l\u2019activit\u00e9 de l\u2019association et de l\u2019encourager dans son action.Article 4 de nos statuts, L&rsquo;Association se compose de membres actifs, et de membres de droit mandat\u00e9s par les diff\u00e9rents organismes publics ou priv\u00e9s. Les membres actifs sont pris indiff\u00e9remment parmi les parents ou repr\u00e9sentants l\u00e9gaux des Personnes Handicap\u00e9es, des personnes, choisies pour leurs comp\u00e9tences, ou leur action sociale, ou l&rsquo;int\u00e9r\u00eat qu&rsquo;elles manifestent \u00e0 l&rsquo;Association, des personnes handicap\u00e9es elles-m\u00eames.Pour \u00eatre membre actif, il faut \u00eatre agr\u00e9\u00e9 par le Conseil d&rsquo;Administration.Les membres de l&rsquo;Association doivent jouir du plein exercice de leurs droits civiques.<\/li>\n<\/ul>\n<ul>\n<li>\u00a0En tant qu&rsquo;adh\u00e9rent, on peut s\u2019engager de mani\u00e8re plus importante, en <strong>prenant directement en charge les actions mises en \u0153uvre par l\u2019association<\/strong>\u00a0: distribution de denr\u00e9es (ex: Op\u00e9ration Brioche \u00e0 Vaison); organisation de r\u00e9unions ou de colloques\u00a0incitant aux d\u00e9bats\u00a0; participation \u00e0 des commissions mandat\u00e9es par le Conseil d&rsquo;administration,\u00a0mise en place d\u2019expositions\u00a0du travail de nos r\u00e9sident(e)s &#8230;.<\/li>\n<\/ul>\n<ul>\n<li>\u00a0Enfin, on peut <strong>participer aux organes dirigeants de l\u2019association<\/strong>. Dans un souci d\u2019organisation et de bon fonctionnement, il existe \u00e0 la t\u00eate d\u2019une association un bureau, dont les membres sont nomm\u00e9s par le conseil d\u2019administration, lui-m\u00eame \u00e9lu par les adh\u00e9rents. Chaque membre du bureau a un r\u00f4le d\u00e9fini. Le pr\u00e9sident dirige l\u2019association\u00a0; le secr\u00e9taire en organise le travail et s\u2019attache \u00e0 maintenir le contact avec les soci\u00e9taires\u00a0; enfin le tr\u00e9sorier a en charge les finances de l\u2019association.<\/li>\n<\/ul>\n<p>Si l&rsquo;une ou plusieurs de ces missions vous tentent, merci de contacter notre association avec le formulaire de contact ou en contactant notre secr\u00e9tariat<\/p>\n<p>T\u00e9l : (33) 04 90 28 93 43 \u2013 Fax : (33) 04 90 28 95 81<\/p>\n<p>E-Mail\u00a0: <a href=\"mailto:cat@lamerci.net\">secretariat@lamerci.net<\/a><\/p>\n<p>.<\/p>\n","protected":false},"excerpt":{"rendered":"<p>Il y a diff\u00e9rentes mani\u00e8res de s\u2019impliquer dans les activit\u00e9s d\u2019une association. \u00a0On peut participer sans \u00eatre membre\u00a0: en effectuant des dons ou en s\u2019impliquant ponctuellement dans certaines actions de l\u2019association. \u00a0On peut \u00eatre membre\u00a0adh\u00e9rent, en payant r\u00e9guli\u00e8rement une cotisation. &hellip; <a href=\"https:\/\/www.lamerci.org\/?page_id=205\">Continuer la lecture <span class=\"meta-nav\">&rarr;<\/span><\/a><\/p>\n","protected":false},"author":1,"featured_media":0,"parent":197,"menu_order":2,"comment_status":"closed","ping_status":"closed","template":"onecolumn-page.php","meta":{"_exactmetrics_skip_tracking":false,"_exactmetrics_sitenote_active":false,"_exactmetrics_sitenote_note":"","_exactmetrics_sitenote_category":0},"_links":{"self":[{"href":"https:\/\/www.lamerci.org\/index.php?rest_route=\/wp\/v2\/pages\/205"}],"collection":[{"href":"https:\/\/www.lamerci.org\/index.php?rest_route=\/wp\/v2\/pages"}],"about":[{"href":"https:\/\/www.lamerci.org\/index.php?rest_route=\/wp\/v2\/types\/page"}],"author":[{"embeddable":true,"href":"https:\/\/www.lamerci.org\/index.php?rest_route=\/wp\/v2\/users\/1"}],"replies":[{"embeddable":true,"href":"https:\/\/www.lamerci.org\/index.php?rest_route=%2Fwp%2Fv2%2Fcomments&post=205"}],"version-history":[{"count":9,"href":"https:\/\/www.lamerci.org\/index.php?rest_route=\/wp\/v2\/pages\/205\/revisions"}],"predecessor-version":[{"id":854,"href":"https:\/\/www.lamerci.org\/index.php?rest_route=\/wp\/v2\/pages\/205\/revisions\/854"}],"up":[{"embeddable":true,"href":"https:\/\/www.lamerci.org\/index.php?rest_route=\/wp\/v2\/pages\/197"}],"wp:attachment":[{"href":"https:\/\/www.lamerci.org\/index.php?rest_route=%2Fwp%2Fv2%2Fmedia&parent=205"}],"curies":[{"name":"wp","href":"https:\/\/api.w.org\/{rel}","templated":true}]}}