{"id":207,"date":"2013-11-11T10:53:43","date_gmt":"2013-11-11T09:53:43","guid":{"rendered":"http:\/\/www.lamerci.org\/?page_id=207"},"modified":"2018-06-14T18:57:04","modified_gmt":"2018-06-14T17:57:04","slug":"faire-un-don","status":"publish","type":"page","link":"https:\/\/www.lamerci.org\/?page_id=207","title":{"rendered":"Faire un don"},"content":{"rendered":"<p>Vous pouvez proc\u00e9der imm\u00e9diatement \u00e0 un don en ligne via le site s\u00e9curis\u00e9 Paypal en cliquant sur le bouton ci-dessous.\u00a0 Vous recevrez un re\u00e7u fiscal du montant de votre don, qui vous permettra de d\u00e9duire, si vous \u00eates un particulier, 66% de votre don du montant de vos imp\u00f4ts, dans la limite de 20% de votre revenu imposable.<\/p>\n<p>L&rsquo;Association La Merci est une association reconnue d\u2019utilit\u00e9 publique : chaque don, legs ou donation \u00a0destin\u00e9 \u00e0 l&rsquo;association vous permet de b\u00e9n\u00e9ficier d\u2019une d\u00e9duction sur votre imp\u00f4t.<\/p>\n<p>En France, l\u2019administration fiscale favorise le don des particuliers et des entreprises en leur offrant une d\u00e9duction fiscale sur les dons consentis \u00e0 des associations et fondations d\u2019int\u00e9r\u00eat g\u00e9n\u00e9ral. Le don peut prendre la forme d&rsquo;un versement num\u00e9raire, en nature ou en comp\u00e9tence.<\/p>\n<p><strong>Pour les particuliers<br \/>\n<\/strong><br \/>\nVous b\u00e9n\u00e9ficiez d\u2019une r\u00e9duction d&rsquo;imp\u00f4t \u00e9gale \u00e0 66% du montant du don dans la limite de 20% de votre revenu imposable. En cas de d\u00e9passement de ce plafond, vous pouvez reporter l&rsquo;exc\u00e9dent sur les 5 ann\u00e9es suivantes. Ce dispositif vous permet en r\u00e9alit\u00e9 de choisir d\u2019affecter une partie de votre imp\u00f4t \u00e0 l&rsquo;entraide aux personnes handicap\u00e9es mentales gr\u00e2ce \u00e0 votre don. A cette fin, un re\u00e7u fiscal vous sera automatiquement adress\u00e9 en d\u00e9but d&rsquo;ann\u00e9e N+1 \u00e0 titre de justificatif pour votre d\u00e9claration d&rsquo;imp\u00f4ts.<\/p>\n<p><strong>Pour les entreprises<\/strong><\/p>\n<p>Les entreprises assujetties \u00e0 l&rsquo;imp\u00f4t sur le revenu ou sur les soci\u00e9t\u00e9s peuvent b\u00e9n\u00e9ficier d&rsquo;une d\u00e9duction fiscale \u00e9gale \u00e0 60 % du montant du don dans la limite d&rsquo;un plafond de 5 \u2030 (5 pour mille) du chiffre d&rsquo;affaires annuel.<\/p>\n<p>Si l&rsquo;entreprise a effectu\u00e9 son don sous forme de m\u00e9c\u00e9nat en nature ou de comp\u00e9tence, en contribuant avec des moyens (produits ou services), cette contribution est alors valoris\u00e9e au prix de revient, ou \u00e0 la valeur nette comptable pour les \u00e9l\u00e9ments inscrits \u00e0 l&rsquo;actif de l&rsquo;entreprise.<\/p>\n","protected":false},"excerpt":{"rendered":"<p>Vous pouvez proc\u00e9der imm\u00e9diatement \u00e0 un don en ligne via le site s\u00e9curis\u00e9 Paypal en cliquant sur le bouton ci-dessous.\u00a0 Vous recevrez un re\u00e7u fiscal du montant de votre don, qui vous permettra de d\u00e9duire, si vous \u00eates un particulier, &hellip; <a href=\"https:\/\/www.lamerci.org\/?page_id=207\">Continuer la lecture <span class=\"meta-nav\">&rarr;<\/span><\/a><\/p>\n","protected":false},"author":1,"featured_media":0,"parent":197,"menu_order":3,"comment_status":"closed","ping_status":"closed","template":"onecolumn-page.php","meta":{"_exactmetrics_skip_tracking":false,"_exactmetrics_sitenote_active":false,"_exactmetrics_sitenote_note":"","_exactmetrics_sitenote_category":0},"_links":{"self":[{"href":"https:\/\/www.lamerci.org\/index.php?rest_route=\/wp\/v2\/pages\/207"}],"collection":[{"href":"https:\/\/www.lamerci.org\/index.php?rest_route=\/wp\/v2\/pages"}],"about":[{"href":"https:\/\/www.lamerci.org\/index.php?rest_route=\/wp\/v2\/types\/page"}],"author":[{"embeddable":true,"href":"https:\/\/www.lamerci.org\/index.php?rest_route=\/wp\/v2\/users\/1"}],"replies":[{"embeddable":true,"href":"https:\/\/www.lamerci.org\/index.php?rest_route=%2Fwp%2Fv2%2Fcomments&post=207"}],"version-history":[{"count":15,"href":"https:\/\/www.lamerci.org\/index.php?rest_route=\/wp\/v2\/pages\/207\/revisions"}],"predecessor-version":[{"id":1555,"href":"https:\/\/www.lamerci.org\/index.php?rest_route=\/wp\/v2\/pages\/207\/revisions\/1555"}],"up":[{"embeddable":true,"href":"https:\/\/www.lamerci.org\/index.php?rest_route=\/wp\/v2\/pages\/197"}],"wp:attachment":[{"href":"https:\/\/www.lamerci.org\/index.php?rest_route=%2Fwp%2Fv2%2Fmedia&parent=207"}],"curies":[{"name":"wp","href":"https:\/\/api.w.org\/{rel}","templated":true}]}}