{"id":492,"date":"2013-11-27T14:06:07","date_gmt":"2013-11-27T13:06:07","guid":{"rendered":"http:\/\/www.lamerci.org\/?page_id=492"},"modified":"2022-10-26T13:50:49","modified_gmt":"2022-10-26T12:50:49","slug":"charte-de-la-personne-accueillie","status":"publish","type":"page","link":"https:\/\/www.lamerci.org\/?page_id=492","title":{"rendered":"Charte de la personne accueillie"},"content":{"rendered":"<p align=\"center\"><span style=\"color: #000000; font-family: Calibri;\">CHARTE DES DROITS ET LIBERTES DE LA PERSONNE ACCUEILLIE<\/span><\/p>\n<p><span style=\"color: #000000;\"><b><span style=\"font-family: Calibri;\">&nbsp;<\/span><\/b><\/span><span style=\"color: #000000;\"><strong>Article 1er Principe de non-discrimination<\/strong><\/span><\/p>\n<p><span style=\"color: #000000;\">Dans le respect des conditions particuli\u00e8res de prise en charge et d&rsquo;accompagnement, pr\u00e9vues par la loi, nul ne peut faire l&rsquo;objet d&rsquo;une discrimination \u00e0 raison de son origine, notamment ethnique ou sociale, de son apparence physique, de ses caract\u00e9ristiques g\u00e9n\u00e9tiques, de son orientation sexuelle, de son handicap, de son \u00e2ge, de ses opinions et convictions, notamment politiques ou religieuses, lors d&rsquo;une prise en charge ou d&rsquo;un accompagnement, social ou m\u00e9dico-social.<\/span><\/p>\n<p><span style=\"color: #000000;\"><strong>Article 2 Droit \u00e0 une prise en charge ou \u00e0 un accompagnement adapt\u00e9<\/strong><\/span><\/p>\n<p><span style=\"color: #000000;\">La personne doit se voir proposer une prise en charge ou un accompagnement individualis\u00e9 et le plus adapt\u00e9 possible \u00e0 ses besoins, dans la continuit\u00e9 des interventions.<\/span><\/p>\n<p><span style=\"color: #000000;\"><strong>Article 3 Droit \u00e0 l&rsquo;information<\/strong><\/span><\/p>\n<p><span style=\"color: #000000;\">La personne b\u00e9n\u00e9ficiaire de prestations ou de services a droit \u00e0 une information claire, compr\u00e9hensible et adapt\u00e9e sur la prise en charge et l&rsquo;accompagnement demand\u00e9s ou dont elle b\u00e9n\u00e9ficie ainsi que sur ses droits et sur l&rsquo;organisation et le fonctionnement de l&rsquo;\u00e9tablissement, du service ou de la forme de prise en charge ou d&rsquo;accompagnement. La personne doit \u00e9galement \u00eatre inform\u00e9e sur les associations d&rsquo;usagers \u0153uvrant dans le m\u00eame domaine.<\/span><\/p>\n<p><span style=\"color: #000000;\">La personne a acc\u00e8s aux informations la concernant dans les conditions pr\u00e9vues par la loi ou la r\u00e9glementation. La communication de ces informations ou documents par les personnes habilit\u00e9es \u00e0 les communiquer en vertu de la loi s&rsquo;effectue avec un accompagnement adapt\u00e9 de nature psychologique, m\u00e9dicale, th\u00e9rapeutique ou socio-\u00e9ducative.<\/span><\/p>\n<p><span style=\"color: #000000;\"><strong>Article 4 Principe du libre choix, du consentement \u00e9clair\u00e9 et de la participation de la personne<\/strong><\/span><\/p>\n<p><span style=\"color: #000000;\">Dans le respect des dispositions l\u00e9gales, des d\u00e9cisions de justice ou des mesures de protection judiciaire ainsi que des d\u00e9cisions d&rsquo;orientation :<\/span><\/p>\n<ul>\n<ul>\n<li><span style=\"color: #000000; font-family: Arial Unicode MS;\">1 &#8211; La personne dispose du libre choix entre les prestations adapt\u00e9es qui lui sont offertes soit dans le cadre d&rsquo;un service \u00e0 son domicile, soit dans le cadre de son admission dans un \u00e9tablissement ou service, soit dans le cadre de tout mode d&rsquo;accompagnement ou de prise en charge; <\/span><\/li>\n<li><span style=\"color: #000000; font-family: Arial Unicode MS;\">2 &#8211; Le consentement \u00e9clair\u00e9 de la personne doit \u00eatre recherch\u00e9 en l&rsquo;informant, par tous les moyens adapt\u00e9s \u00e0 sa situation, des conditions et cons\u00e9quences de la prise en charge et de l&rsquo;accompagnement et en veillant \u00e0 sa compr\u00e9hension.&nbsp;<\/span><span style=\"color: #000000; font-family: Calibri;\">&nbsp;<\/span><\/li>\n<li><span style=\"color: #000000; font-family: Arial Unicode MS;\">3\u00b0 &#8211; Le droit \u00e0 la participation directe, ou avec l&rsquo;aide de son repr\u00e9sentant l\u00e9gal, \u00e0 la conception et \u00e0 la mise en \u0153uvre du projet d&rsquo;accueil et d&rsquo;accompagnement qui la concerne lui est garanti. <\/span><\/li>\n<\/ul>\n<\/ul>\n<p><span style=\"color: #000000;\">Lorsque l&rsquo;expression par la personne d&rsquo;un choix ou d&rsquo;un consentement \u00e9clair\u00e9 n&rsquo;est pas possible en raison de son jeune \u00e2ge, ce choix ou ce consentement est exerc\u00e9 par la famille ou le repr\u00e9sentant l\u00e9gal aupr\u00e8s de l&rsquo;\u00e9tablissement, du service ou dans le cadre des autres formes de prise en charge et d&rsquo;accompagnement. Ce choix ou ce consentement est \u00e9galement effectu\u00e9 par le repr\u00e9sentant l\u00e9gal lorsque l&rsquo;\u00e9tat de la personne ne lui permet pas de l&rsquo;exercer directement. Pour ce qui concerne les prestations de soins d\u00e9livr\u00e9es par les \u00e9tablissements ou services m\u00e9dico-sociaux, la personne b\u00e9n\u00e9ficie des conditions d&rsquo;expression et de repr\u00e9sentation qui figurent au code de la sant\u00e9 publique. La personne peut \u00eatre accompagn\u00e9e de la personne de son choix lors des d\u00e9marches n\u00e9cessit\u00e9es par la prise en charge ou l&rsquo;accompagnement.<\/span><\/p>\n<p><span style=\"color: #000000;\"><strong>Article 5 Droit \u00e0 la renonciation<\/strong><\/span><\/p>\n<p><span style=\"color: #000000;\">La personne peut \u00e0 tout moment renoncer par \u00e9crit aux prestations dont elle b\u00e9n\u00e9ficie ou en demander le changement dans les conditions de capacit\u00e9s, d&rsquo;\u00e9coute et d&rsquo;expression ainsi que de communication pr\u00e9vues par la pr\u00e9sente charte, dans le respect des d\u00e9cisions de justice ou mesures de protection judiciaire, des d\u00e9cisions d&rsquo;orientation et des proc\u00e9dures de r\u00e9vision existantes en ces domaines.<\/span><\/p>\n<p><span style=\"color: #000000;\"><strong>Article 6 Droit au respect des liens familiaux<\/strong><\/span><\/p>\n<p><span style=\"color: #000000;\">La prise en charge ou l&rsquo;accompagnement doit favoriser le maintien des liens familiaux et tendre \u00e0 \u00e9viter la s\u00e9paration des familles ou des fratries prises en charge, dans le respect des souhaits de la personne, de la nature de la prestation dont elle b\u00e9n\u00e9ficie et des d\u00e9cisions de justice. En particulier, les \u00e9tablissements et les services assurant l&rsquo;accueil et la prise en charge ou l&rsquo;accompagnement des mineurs, des jeunes majeurs ou des personnes et familles en difficult\u00e9s ou en situation de d\u00e9tresse prennent, en relation avec les autorit\u00e9s publiques comp\u00e9tentes et les autres intervenants, toute mesure utile \u00e0 cette fin. Dans le respect du projet d&rsquo;accueil et d&rsquo;accompagnement individualis\u00e9 et du souhait de la personne, la participation de la famille aux activit\u00e9s de la vie quotidienne est favoris\u00e9e.<\/span><\/p>\n<p><span style=\"color: #000000;\"><strong>Article 7 Droit \u00e0 la protection<\/strong><\/span><\/p>\n<p><span style=\"color: #000000;\">Il est garanti \u00e0 la personne comme \u00e0 ses repr\u00e9sentants l\u00e9gaux et \u00e0 sa famille, par l&rsquo;ensemble des personnels ou personnes r\u00e9alisant une prise en charge ou un accompagnement, le respect de la confidentialit\u00e9 des informations la concernant dans le cadre des lois existantes. Il lui est \u00e9galement garanti le droit \u00e0 la protection, le droit \u00e0 la s\u00e9curit\u00e9, y compris sanitaire et alimentaire, le droit \u00e0 la sant\u00e9 et aux soins, le droit \u00e0 un suivi m\u00e9dical adapt\u00e9. <\/span><\/p>\n<p><span style=\"color: #000000;\">&nbsp;<\/span><span style=\"color: #000000;\"><strong>Article 8 Droit \u00e0 l&rsquo;autonomie<\/strong><\/span><\/p>\n<p><span style=\"color: #000000;\">Dans les limites d\u00e9finies dans le cadre de la r\u00e9alisation de sa prise en charge ou de son accompagnement et sous r\u00e9serve des d\u00e9cisions de justice, des obligations contractuelles ou li\u00e9es \u00e0 la prestation dont elle b\u00e9n\u00e9ficie et des mesures de tutelle ou de curatelle renforc\u00e9e, il est garanti \u00e0 la personne la possibilit\u00e9 de circuler librement. \u00c0 cet \u00e9gard, les relations avec la soci\u00e9t\u00e9, les visites dans l&rsquo;institution et \u00e0 l&rsquo;ext\u00e9rieur de celle-ci, sont favoris\u00e9es. Dans les m\u00eames limites et sous les m\u00eames r\u00e9serves, la personne r\u00e9sidente peut, pendant la dur\u00e9e de son s\u00e9jour, conserver des biens, effets et objets personnels et, lorsqu&rsquo;elle est majeure, disposer de son patrimoine et de ses revenus.<\/span><\/p>\n<p style=\"text-align: left;\" align=\"center\"><strong><span style=\"color: #000000;\"><span style=\"font-family: Calibri;\">Article 9 Principe de pr\u00e9vention et de soutien<\/span><\/span><\/strong><\/p>\n<p><span style=\"color: #000000;\">Les cons\u00e9quences affectives et sociales qui peuvent r\u00e9sulter de la prise en charge ou de l&rsquo;accompagnement doivent \u00eatre prises en consid\u00e9ration. Il doit en \u00eatre tenu compte dans les objectifs individuels de prise en charge et d&rsquo;accompagnement.<\/span><\/p>\n<p><span style=\"color: #000000;\">Le r\u00f4le des familles, des repr\u00e9sentants l\u00e9gaux ou des proches qui entourent de leurs soins la personne accueillie doit \u00eatre facilit\u00e9 avec son accord par l&rsquo;institution, dans le respect du projet d&rsquo;accueil et d&rsquo;accompagnement individualis\u00e9 et des d\u00e9cisions de justice.<\/span><\/p>\n<p><span style=\"color: #000000;\">Les moments de fin de vie doivent faire l&rsquo;objet de soins, d&rsquo;assistance et de soutien adapt\u00e9s dans le respect des pratiques religieuses ou confessionnelles et convictions tant de la personne que de ses proches ou repr\u00e9sentants.<\/span><\/p>\n<p><span style=\"color: #000000;\"><strong>Article 10 Droit \u00e0 l&rsquo;exercice des droits civiques attribu\u00e9s \u00e0 la personne accueillie<\/strong><\/span><\/p>\n<p><span style=\"color: #000000;\">L&rsquo;exercice effectif de la totalit\u00e9 des droits civiques attribu\u00e9s aux personnes accueillies et des libert\u00e9s individuelles est facilit\u00e9 par l&rsquo;institution, qui prend \u00e0 cet effet toutes mesures utiles dans le respect, si n\u00e9cessaire, des d\u00e9cisions de justice.<\/span><\/p>\n<p style=\"text-align: left;\" align=\"center\"><strong><span style=\"font-family: Calibri;\">Article 11 Droit \u00e0 la pratique religieuse<\/span><\/strong><\/p>\n<p><span style=\"color: #000000;\">Les conditions de la pratique religieuse, y compris la visite de repr\u00e9sentants des diff\u00e9rentes confessions, doivent \u00eatre facilit\u00e9es, sans que celles-ci puissent faire obstacle aux missions des \u00e9tablissements ou services. Les personnels et les b\u00e9n\u00e9ficiaires s&rsquo;obligent \u00e0 un respect mutuel des croyances, convictions et opinions. Ce droit \u00e0 la pratique religieuse s&rsquo;exerce dans le respect de la libert\u00e9 d&rsquo;autrui et sous r\u00e9serve que son exercice ne trouble pas le fonctionnement normal des \u00e9tablissements et services.<\/span><\/p>\n<p><span style=\"color: #000000;\"><strong>Article 12 Respect de la dignit\u00e9 de la personne et de son intimit\u00e9<\/strong><\/span><\/p>\n<p align=\"left\"><span style=\"color: #000000;\">Le respect de la dignit\u00e9 et de l&rsquo;int\u00e9grit\u00e9 de la personne est garanti. Hors la n\u00e9cessit\u00e9 exclusive et objective de la r\u00e9alisation de la prise en charge ou de l&rsquo;accompagnement, le droit \u00e0 l&rsquo;intimit\u00e9 doit \u00eatre pr\u00e9serv\u00e9.<\/span><\/p>\n","protected":false},"excerpt":{"rendered":"<p>CHARTE DES DROITS ET LIBERTES DE LA PERSONNE ACCUEILLIE &nbsp;Article 1er Principe de non-discrimination Dans le respect des conditions particuli\u00e8res de prise en charge et d&rsquo;accompagnement, pr\u00e9vues par la loi, nul ne peut faire l&rsquo;objet d&rsquo;une discrimination \u00e0 raison de &hellip; <a href=\"https:\/\/www.lamerci.org\/?page_id=492\">Continuer la lecture <span class=\"meta-nav\">&rarr;<\/span><\/a><\/p>\n","protected":false},"author":1,"featured_media":0,"parent":1462,"menu_order":0,"comment_status":"closed","ping_status":"closed","template":"onecolumn-page.php","meta":{"_exactmetrics_skip_tracking":false,"_exactmetrics_sitenote_active":false,"_exactmetrics_sitenote_note":"","_exactmetrics_sitenote_category":0},"_links":{"self":[{"href":"https:\/\/www.lamerci.org\/index.php?rest_route=\/wp\/v2\/pages\/492"}],"collection":[{"href":"https:\/\/www.lamerci.org\/index.php?rest_route=\/wp\/v2\/pages"}],"about":[{"href":"https:\/\/www.lamerci.org\/index.php?rest_route=\/wp\/v2\/types\/page"}],"author":[{"embeddable":true,"href":"https:\/\/www.lamerci.org\/index.php?rest_route=\/wp\/v2\/users\/1"}],"replies":[{"embeddable":true,"href":"https:\/\/www.lamerci.org\/index.php?rest_route=%2Fwp%2Fv2%2Fcomments&post=492"}],"version-history":[{"count":3,"href":"https:\/\/www.lamerci.org\/index.php?rest_route=\/wp\/v2\/pages\/492\/revisions"}],"predecessor-version":[{"id":1897,"href":"https:\/\/www.lamerci.org\/index.php?rest_route=\/wp\/v2\/pages\/492\/revisions\/1897"}],"up":[{"embeddable":true,"href":"https:\/\/www.lamerci.org\/index.php?rest_route=\/wp\/v2\/pages\/1462"}],"wp:attachment":[{"href":"https:\/\/www.lamerci.org\/index.php?rest_route=%2Fwp%2Fv2%2Fmedia&parent=492"}],"curies":[{"name":"wp","href":"https:\/\/api.w.org\/{rel}","templated":true}]}}