{"id":643,"date":"2013-12-08T18:50:31","date_gmt":"2013-12-08T17:50:31","guid":{"rendered":"http:\/\/www.lamerci.org\/?page_id=643"},"modified":"2022-03-08T14:26:26","modified_gmt":"2022-03-08T13:26:26","slug":"importance-des-cotisations","status":"publish","type":"page","link":"https:\/\/www.lamerci.org\/?page_id=643","title":{"rendered":"Cotiser"},"content":{"rendered":"<p><strong><strong>A quoi sert la cotisation ?<\/strong>\u00a0<\/strong><\/p>\n<p>Les cotisations <strong><strong>constituent le budget de l\u2019association<\/strong><\/strong>. Ce budget sert \u00e0 assurer une mission sociale et une mission d\u2019information aupr\u00e8s des familles. Ces missions, purement associatives, ne sont pas prises en charge par les financeurs traditionnels (Etat, D\u00e9partement) mais apparaissent de plus en plus importantes compte tenu des \u00e9volutions et de la complexit\u00e9 du secteur m\u00e9dico social.<\/p>\n<p style=\"text-align: left;\">LA MERCI ne s&rsquo;est pas faite sans la volont\u00e9 des premiers parents et de leurs amis d&rsquo;apporter une solution concr\u00e8te pour l&rsquo;accueil de leurs enfants handicap\u00e9s. Ils ne pouvaient compter \u00e0 cette \u00e9poque que sur eux m\u00eames. Les premiers moyens financiers pour la cr\u00e9ation du premier centre mod\u00e8le ont \u00e9t\u00e9 apport\u00e9s par les parents fondateurs. Nous avons la trace de\u00a0leur premier appel aux dons, par l&rsquo;interm\u00e9diaire de Carmen\u00a0Nobile, responsable de l&rsquo;Association.<\/p>\n<p>\u00a0<a href=\"http:\/\/www.lamerci.org\/wp-content\/uploads\/2013\/12\/Appel-Carmen-Nobile.pdf\">1er appel \u00e0 souscription de la fondatrice Carmen Nobile (1967)<\/a><\/p>\n<form class=\"AVAST_PAM_nonloginform\" action=\"https:\/\/www.paypal.com\/cgi-bin\/webscr\" method=\"post\" target=\"_top\"><input name=\"cmd\" type=\"hidden\" value=\"_s-xclick\" \/><br \/>\n<input name=\"hosted_button_id\" type=\"hidden\" value=\"7ES2QW9H5XTUC\" \/><\/p>\n<table>\n<tbody>\n<tr>\n<td><input name=\"on0\" type=\"hidden\" value=\"Choisissez le type de cotisation\" \/>Choisissez le type de cotisation<\/td>\n<\/tr>\n<tr>\n<td><select name=\"os0\"><option value=\"Adh\u00e9rents personnes physiques\">Adh\u00e9rents personnes physiques \u20ac50,00 EUR<\/option><option value=\"Adh\u00e9rents personnes morales\">Adh\u00e9rents personnes morales \u20ac100,00 EUR<\/option><option value=\"Bienfaiteur personnes physiques\">Bienfaiteur personnes physiques \u20ac100,00 EUR<\/option><option value=\"Bienfaiteurs personnes morales\">Bienfaiteurs personnes morales \u20ac200,00 EUR<\/option><\/select><\/td>\n<\/tr>\n<\/tbody>\n<\/table>\n<p style=\"text-align: center;\"><input alt=\"PayPal, le r\u00e9flexe s\u00e9curit\u00e9 pour payer en ligne\" name=\"submit\" src=\"https:\/\/www.paypalobjects.com\/fr_FR\/FR\/i\/btn\/btn_paynowCC_LG.gif\" type=\"image\" \/><br \/>\n<img decoding=\"async\" loading=\"lazy\" src=\"https:\/\/www.paypalobjects.com\/fr_FR\/i\/scr\/pixel.gif\" alt=\"\" width=\"1\" height=\"1\" border=\"0\" \/><\/p>\n<p><strong><strong>Notre association \u00e9tant d\u00e9clar\u00e9e int\u00e9r\u00eat g\u00e9n\u00e9ral et en tant qu&rsquo;association de parents le paiement de la cotisation consid\u00e9r\u00e9 comme un don, il ouvre droit \u00e0 une r\u00e9duction d\u2019imp\u00f4t<\/strong> <\/strong>\u00e0 hauteur de\u00a066 % dans la limite de 20 % de votre revenu imposable.Donc si vous payez 50 euros, cela ne vous co\u00fbtera en r\u00e9alit\u00e9 que 17 euros.<\/p>\n<\/form>\n","protected":false},"excerpt":{"rendered":"<p>A quoi sert la cotisation ?\u00a0 Les cotisations constituent le budget de l\u2019association. Ce budget sert \u00e0 assurer une mission sociale et une mission d\u2019information aupr\u00e8s des familles. Ces missions, purement associatives, ne sont pas prises en charge par les &hellip; <a href=\"https:\/\/www.lamerci.org\/?page_id=643\">Continuer la lecture <span class=\"meta-nav\">&rarr;<\/span><\/a><\/p>\n","protected":false},"author":1,"featured_media":0,"parent":197,"menu_order":0,"comment_status":"closed","ping_status":"closed","template":"onecolumn-page.php","meta":{"_exactmetrics_skip_tracking":false,"_exactmetrics_sitenote_active":false,"_exactmetrics_sitenote_note":"","_exactmetrics_sitenote_category":0},"_links":{"self":[{"href":"https:\/\/www.lamerci.org\/index.php?rest_route=\/wp\/v2\/pages\/643"}],"collection":[{"href":"https:\/\/www.lamerci.org\/index.php?rest_route=\/wp\/v2\/pages"}],"about":[{"href":"https:\/\/www.lamerci.org\/index.php?rest_route=\/wp\/v2\/types\/page"}],"author":[{"embeddable":true,"href":"https:\/\/www.lamerci.org\/index.php?rest_route=\/wp\/v2\/users\/1"}],"replies":[{"embeddable":true,"href":"https:\/\/www.lamerci.org\/index.php?rest_route=%2Fwp%2Fv2%2Fcomments&post=643"}],"version-history":[{"count":21,"href":"https:\/\/www.lamerci.org\/index.php?rest_route=\/wp\/v2\/pages\/643\/revisions"}],"predecessor-version":[{"id":1868,"href":"https:\/\/www.lamerci.org\/index.php?rest_route=\/wp\/v2\/pages\/643\/revisions\/1868"}],"up":[{"embeddable":true,"href":"https:\/\/www.lamerci.org\/index.php?rest_route=\/wp\/v2\/pages\/197"}],"wp:attachment":[{"href":"https:\/\/www.lamerci.org\/index.php?rest_route=%2Fwp%2Fv2%2Fmedia&parent=643"}],"curies":[{"name":"wp","href":"https:\/\/api.w.org\/{rel}","templated":true}]}}