{"id":701,"date":"2013-12-10T16:36:50","date_gmt":"2013-12-10T15:36:50","guid":{"rendered":"http:\/\/www.lamerci.org\/?page_id=701"},"modified":"2022-10-26T13:44:10","modified_gmt":"2022-10-26T12:44:10","slug":"le-comite-commun","status":"publish","type":"page","link":"https:\/\/www.lamerci.org\/?page_id=701","title":{"rendered":"ITINOVA"},"content":{"rendered":"<p style=\"text-align: left;\">Depuis le 1er Janvier 2014, les Etablissements La Merci sont g\u00e9r\u00e9s par le Comit\u00e9 Commun Sant\u00e9 Bien \u00eatre qui fait partie lui m\u00eame des l&rsquo;Union des Associations (UDA).<\/p>\n<p>l\u2019UDA (Union d\u2019associations)\u00a0regroupe deux associations :<\/p>\n<ul>\n<li><span style=\"font-size: medium;\">Le \u00ab Comit\u00e9 Commun \u00bb, cr\u00e9\u00e9 en 1923, n\u00e9 \u00e0 l\u2019initiative du patronat chr\u00e9tien lyonnais et qui s\u2019occupe de l\u2019enfance en difficult\u00e9, du handicap et de l\u2019urgence sociale (le 115).\u00a0<\/span><\/li>\n<li><span style=\"font-size: medium;\">A la suite d\u2019une rencontre avec les soeurs de Saint Vincent de Paul, \u00ab Sant\u00e9 Bien \u00eatre \u00bb est n\u00e9 qui accueille des personnes \u00e2g\u00e9es (EPHAD). <\/span><\/li>\n<\/ul>\n<p>En 2005, les deux associations sont regroup\u00e9es dans l\u2019UDA, pour cr\u00e9er et officialiser un si\u00e8ge administratif commun qui est situ\u00e9 \u00e0 Villeurbanne. Au total 47 \u00e9tablissements sur 5 r\u00e9gions et 16 d\u00e9partements<\/p>\n<p>Fin 2019, les Conseils d&rsquo;Administration ont d\u00e9fini de nouvelles orientations strat\u00e9giques, ayant pour objectif de <strong><u>fusionner les 3 associations en une seule<\/u>.<\/strong><\/p>\n<p>Les raisons invoqu\u00e9es sont :<\/p>\n<p>&#8211; la n\u00e9cessit\u00e9 d&rsquo;avoir une meilleure visibilit\u00e9 aupr\u00e8s des institutions et repositionner une force commune notamment aupr\u00e8s de l&rsquo;ARS<\/p>\n<p>&#8211; faire face en bloc \u00e0 la concurrence forte des structures de m\u00eame nature et m\u00eame vocations<\/p>\n<p>&#8211; am\u00e9liorer la compr\u00e9hension du grand public : actuellement, les attributions propres \u00e0 chacune (Comit\u00e9 Commun : structures handicap enfants \/ adultes, pr\u00e9carit\u00e9 et protection de l&rsquo;enfance, Sant\u00e9-Bien \u00eatre : structures personnes \u00e2g\u00e9es, toutes deux chapeaut\u00e9es par l&rsquo;Union) ne sont pas bien claires pour l&rsquo;ext\u00e9rieur<\/p>\n<p>&#8211; la simplification des fonctionnements internes de gouvernance (3 CA, 3 budgets, &#8230;)<\/p>\n<p><strong><span style=\"font-family: 'Calibri',sans-serif;\">La fusion sera effective au 01\/01\/2020, avec une nouvelle d\u00e9nomination : <u>ITINOVA<\/u><\/span><\/strong><\/p>\n<p><a href=\"https:\/\/www.itinova.org\">https:\/\/www.itinova.org<\/a><\/p>\n<p><!--more--><\/p>\n<p style=\"text-align: left;\">Au sein de l\u2019Union d\u2019Associations, le Comit\u00e9 Commun regroupe les \u00e9tablissements dont les activit\u00e9s d\u2019accueil et de services sont destin\u00e9es avant tout \u00e0 un public jeune, handicap\u00e9 ou en difficult\u00e9 sociale.<\/p>\n<p><strong>Le Comit\u00e9 Commun g\u00e8re ainsi des \u00e9tablissements de la nature suivante :<\/strong><\/p>\n<p>\u2022 instituts th\u00e9rapeutique \u00e9ducatif et p\u00e9dagogique (ITEP) avec et sans section d\u2019\u00e9ducation sp\u00e9ciale et de soins \u00e0 domicile (SESSAD),<\/p>\n<p>\u2022 maisons d\u2019enfants \u00e0 caract\u00e8re social (MECS),<\/p>\n<p>\u2022 centres d\u2019h\u00e9bergement et de r\u00e9insertion sociale (CHRS),<\/p>\n<p>\u2022 instituts m\u00e9dico-p\u00e9dagogiques ou \u00e9ducatifs (IMP, IME),<\/p>\n<p>\u2022 centre d\u2019\u00e9ducation motrice (CEM),<\/p>\n<p>\u2022 structure d\u2019aide au logement temporaire (ALT),<\/p>\n<p>\u2022 centre de r\u00e9adaptation pour d\u00e9ficients visuels (CRDV),<\/p>\n<p>\u2022 \u00e9tablissement et service d\u2019aide par le travail (ESAT),<\/p>\n<p>\u2022 foyer d\u2019accueil m\u00e9dicalis\u00e9 (FAM),<\/p>\n<p>\u2022 service d\u2019\u00e9ducation pr\u00e9coce \u00e0 domicile (SEPAD),<\/p>\n<p>\u2022 service d\u2019insertion d\u2019accueil et d\u2019orientation du 115 (SIAO 115),<\/p>\n<p>\u2022 service d\u2019accompagnement \u00e0 la vie sociale (SAVS),<\/p>\n<p>\u2022 centre de soins infirmiers (CSI).<\/p>\n<p>L\u2019ensemble de ces \u00e9tablissements accueille de pr\u00e8s d\u2019un millier de personnes, des enfants essentiellement dans des structures de tailles diverses, implant\u00e9es dans la moiti\u00e9 sud de la France.<\/p>\n<p>Ces \u00e9tablissements sont g\u00e9r\u00e9s par l\u2019Union d\u2019associations.<\/p>\n<p><strong>Les missions du Comit\u00e9 Commun : animer, \u00e9duquer, d\u00e9velopper, r\u00e9ins\u00e9rer<\/strong><\/p>\n<p>Le r\u00f4le du Comit\u00e9 Commun est de cr\u00e9er, d\u2019animer et de g\u00e9rer des \u00e9tablissements et des services \u00e0 caract\u00e8re sanitaire, social et m\u00e9dico-social, destin\u00e9s \u00e0 un public jeune ou en difficult\u00e9 sociale ainsi qu\u2019\u00e0 des personnes en situation de handicap.<\/p>\n<p>Les missions r\u00e9pondent aux diff\u00e9rents besoins formul\u00e9s par les b\u00e9n\u00e9ficiaires de la prise en charge \u00e0 l\u2019autonomie : internat ou aide \u00e0 domicile, accompagnement scolaire, \u00e9ducatif et social, suivi m\u00e9dical, r\u00e9\u00e9ducation, soins ou soutiens psychologiques ou psychoth\u00e9rapeutiques, aides \u00e0 l\u2019insertion ou la r\u00e9insertion sociale\u2026<\/p>\n<p><strong>Les publics accueillis<\/strong><\/p>\n<p>Les situations des personnes susceptibles d\u2019\u00eatre accueillies dans une structure du Comit\u00e9 Commun sont tr\u00e8s diverses. Ce sont principalement les enfants, adolescents et les personnes pr\u00e9sentant des difficult\u00e9s psychosociales mais aussi des handicaps visuels, moteurs ou c\u00e9r\u00e9braux : souffrance psychologique, situation d\u2019\u00e9chec \u00e9ducatif, troubles du comportement, instabilit\u00e9 relationnelle, handicap, pr\u00e9carit\u00e9\u2026<\/p>\n<p><strong>Une priorit\u00e9 : la prise en charge globale de la personne<\/strong><\/p>\n<p>La volont\u00e9 du Comit\u00e9 Commun est de placer l\u2019enfant, l\u2019adolescent ou l\u2019adulte au c\u0153ur du projet et du fonctionnement de l\u2019\u00e9tablissement. Men\u00e9 selon une approche pluridisciplinaire, le projet d\u2019accueil est \u00e0 la fois p\u00e9dagogique, \u00e9ducatif et th\u00e9rapeutique. Il vise \u00e0 permettre \u00e0 ce que chacun puisse trouver sa place dans sa famille, \u00e0 l\u2019\u00e9cole, au travail, dans la soci\u00e9t\u00e9\u2026<\/p>\n<p>L\u2019\u00e9thique d\u00e9velopp\u00e9e par le Comit\u00e9 Commun favorise la responsabilisation des acteurs et la qualit\u00e9 des prestations rendues aux personnes accueillies. Les mots d\u2019ordre traduisant la philosophie du groupe sont : rigueur, engagement, solidarit\u00e9, professionnalisme, \u00e9coute, coh\u00e9rence, transparence.<\/p>\n","protected":false},"excerpt":{"rendered":"<p>Depuis le 1er Janvier 2014, les Etablissements La Merci sont g\u00e9r\u00e9s par le Comit\u00e9 Commun Sant\u00e9 Bien \u00eatre qui fait partie lui m\u00eame des l&rsquo;Union des Associations (UDA). l\u2019UDA (Union d\u2019associations)\u00a0regroupe deux associations : Le \u00ab Comit\u00e9 Commun \u00bb, cr\u00e9\u00e9 &hellip; <a href=\"https:\/\/www.lamerci.org\/?page_id=701\">Continuer la lecture <span class=\"meta-nav\">&rarr;<\/span><\/a><\/p>\n","protected":false},"author":1,"featured_media":0,"parent":0,"menu_order":4,"comment_status":"closed","ping_status":"closed","template":"","meta":{"_exactmetrics_skip_tracking":false,"_exactmetrics_sitenote_active":false,"_exactmetrics_sitenote_note":"","_exactmetrics_sitenote_category":0},"_links":{"self":[{"href":"https:\/\/www.lamerci.org\/index.php?rest_route=\/wp\/v2\/pages\/701"}],"collection":[{"href":"https:\/\/www.lamerci.org\/index.php?rest_route=\/wp\/v2\/pages"}],"about":[{"href":"https:\/\/www.lamerci.org\/index.php?rest_route=\/wp\/v2\/types\/page"}],"author":[{"embeddable":true,"href":"https:\/\/www.lamerci.org\/index.php?rest_route=\/wp\/v2\/users\/1"}],"replies":[{"embeddable":true,"href":"https:\/\/www.lamerci.org\/index.php?rest_route=%2Fwp%2Fv2%2Fcomments&post=701"}],"version-history":[{"count":9,"href":"https:\/\/www.lamerci.org\/index.php?rest_route=\/wp\/v2\/pages\/701\/revisions"}],"predecessor-version":[{"id":1874,"href":"https:\/\/www.lamerci.org\/index.php?rest_route=\/wp\/v2\/pages\/701\/revisions\/1874"}],"wp:attachment":[{"href":"https:\/\/www.lamerci.org\/index.php?rest_route=%2Fwp%2Fv2%2Fmedia&parent=701"}],"curies":[{"name":"wp","href":"https:\/\/api.w.org\/{rel}","templated":true}]}}