{"id":787,"date":"2014-01-07T14:33:47","date_gmt":"2014-01-07T13:33:47","guid":{"rendered":"http:\/\/www.lamerci.org\/?page_id=787"},"modified":"2020-01-12T15:17:48","modified_gmt":"2020-01-12T14:17:48","slug":"chartes","status":"publish","type":"page","link":"https:\/\/www.lamerci.org\/?page_id=787","title":{"rendered":"Charte LA MERCI"},"content":{"rendered":"<p style=\"text-align: left;\" align=\"center\">Une charte de \u00ab\u00a0La Merci\u00a0\u00bb, partant de l&rsquo;esprit de la fondation initiale, s&rsquo;av\u00e8re n\u00e9cessaire car la tradition orale devient insuffisante au fur et \u00e0 mesure que les ann\u00e9es passent et que de nouvelles personnes viennent nous rejoindre, soit comme R\u00e9sidentes ou Familles, soit comme administrateurs, soit comme travailleurs de nos Foyers \u00ab\u00a0La Ramade\u00a0\u00bb, de \u00ab\u00a0Bon Esper\u00a0\u00bb <i>et du Centre d&rsquo;Aide par le Travail de Roaix \u00ab\u00a0Les Ateliers Chaud d&rsquo;Abrieu\u00a0\u00bb<\/i><\/p>\n<p><i>\u00a0<\/i><b>L&rsquo;INSPIRATION FONDAMENTALE<\/b><\/p>\n<p>Nous croyons que chaque personne ou adulte en situation de handicap mental a une valeur unique. Parce qu&rsquo;elle est une personne humaine \u00e0 part enti\u00e8re, elle poss\u00e8de les droits de tout homme : droit \u00e0 la vie, aux soins, \u00e0 l&rsquo;\u00e9ducation, au travail, \u00e0 l&rsquo;exercice de sa religion.<\/p>\n<p>Nous croyons aussi que la personne d\u00e9ficiente, atteinte dans son psychisme et dans ses capacit\u00e9s, a des possibilit\u00e9s d&rsquo;amour et qu&rsquo;elle est aim\u00e9e de Dieu comme chacun de nous.<\/p>\n<p>La personne en situation de handicap mental peut avoir souffert d&rsquo;incompr\u00e9hension, de rejet, d&rsquo;infirmit\u00e9s diverses qui l&rsquo;aient marqu\u00e9e d&rsquo;aspects heurtants. Elle poss\u00e8de aussi des qualit\u00e9s de simplicit\u00e9, d&rsquo;accueil, de joie et de s\u00e9r\u00e9nit\u00e9 <i>qui rayonneront si elle se trouve en s\u00e9curit\u00e9<\/i> dans un milieu o\u00f9 le d\u00e9veloppement de ses potentialit\u00e9s se trouve soutenu et aid\u00e9.<\/p>\n<p>l&rsquo;Association \u00ab\u00a0La Merci\u00a0\u00bb \u0153uvre pour que divers modes d&rsquo;accueil et de soutien soient propos\u00e9s \u00e0 ceux qui en ont besoin.<\/p>\n<p><b>LES FOYERS DE VIE ET LES ATELIERS DE l&rsquo;ESAT<\/b><\/p>\n<p>\u00ab La Merci \u00bb tend \u00e0 ce que les personnes ou adultes en situation de handicap mental et ceux qui les accompagnent partagent le quotidien de l&rsquo;existence et du travail, des gens de la ville ou du village o\u00f9 sont install\u00e9s les Foyers de vie et l&rsquo;ESAT. Chacun b\u00e9n\u00e9ficie du confort n\u00e9cessaire \u00e0 son bien-\u00eatre.<\/p>\n<p>En pensant que, nombreuses sont les personnes ou adultes en situation de handicap mental qui passeront leur vie enti\u00e8re en institution sp\u00e9cialis\u00e9e, \u00ab\u00a0La Merci\u00a0\u00bb cherche \u00e0 concilier dans les structures qu&rsquo;elle g\u00e8re, la simplicit\u00e9, l&rsquo;esth\u00e9tique et le souci d&rsquo;\u00e9conomie.<\/p>\n<p>Une grande importance est accord\u00e9e au fait de vivre de fa\u00e7on transparente en \u00e9tant accueillant et hospitalier envers le voisinage, les visiteurs, les h\u00f4tes, les stagiaires et les professionnels.<\/p>\n<p>Foyers de vie et ESAT sont int\u00e9gr\u00e9s dans la soci\u00e9t\u00e9 qui les entoure et participent \u00e0 la vie sociale et \u00e9conomique, en respectant les valeurs chr\u00e9tiennes et morales.<\/p>\n<p>L&rsquo;Association s&rsquo;efforce de faire profiter, aux personnes accueillies, des progr\u00e8s et am\u00e9liorations que les sciences et les techniques peuvent leur apporter.<\/p>\n<p>Toute personne ou adulte en situation de handicap mental pouvant b\u00e9n\u00e9ficier des Foyers et de l&rsquo;ESAT est accueillie sans crit\u00e8res sociaux ou religieux.<\/p>\n<p>Les parents des personnes ou adultes en situation de handicap mental ont une place privil\u00e9gi\u00e9e au sein de \u00ab\u00a0La Merci\u00a0\u00bb. Ils sont associ\u00e9s au maximum \u00e0 la vie, aux perspectives et aux projets de l&rsquo;Association.<\/p>\n<p>Les liens familiaux sont essentiels au bien-\u00eatre des r\u00e9sidents. L&rsquo;Association apporte son soutien et conforte les liens d&rsquo;amiti\u00e9.<\/p>\n<p>Les familles et amis de \u00ab\u00a0La Merci\u00a0\u00bb adh\u00e8rent \u00e0 l&rsquo;Association\u00a0 dans le respect de l&rsquo;esprit qui a anim\u00e9 ses fondateurs.<\/p>\n","protected":false},"excerpt":{"rendered":"<p>Une charte de \u00ab\u00a0La Merci\u00a0\u00bb, partant de l&rsquo;esprit de la fondation initiale, s&rsquo;av\u00e8re n\u00e9cessaire car la tradition orale devient insuffisante au fur et \u00e0 mesure que les ann\u00e9es passent et que de nouvelles personnes viennent nous rejoindre, soit comme R\u00e9sidentes &hellip; <a href=\"https:\/\/www.lamerci.org\/?page_id=787\">Continuer la lecture <span class=\"meta-nav\">&rarr;<\/span><\/a><\/p>\n","protected":false},"author":1,"featured_media":0,"parent":1462,"menu_order":3,"comment_status":"closed","ping_status":"closed","template":"onecolumn-page.php","meta":{"_exactmetrics_skip_tracking":false,"_exactmetrics_sitenote_active":false,"_exactmetrics_sitenote_note":"","_exactmetrics_sitenote_category":0},"_links":{"self":[{"href":"https:\/\/www.lamerci.org\/index.php?rest_route=\/wp\/v2\/pages\/787"}],"collection":[{"href":"https:\/\/www.lamerci.org\/index.php?rest_route=\/wp\/v2\/pages"}],"about":[{"href":"https:\/\/www.lamerci.org\/index.php?rest_route=\/wp\/v2\/types\/page"}],"author":[{"embeddable":true,"href":"https:\/\/www.lamerci.org\/index.php?rest_route=\/wp\/v2\/users\/1"}],"replies":[{"embeddable":true,"href":"https:\/\/www.lamerci.org\/index.php?rest_route=%2Fwp%2Fv2%2Fcomments&post=787"}],"version-history":[{"count":8,"href":"https:\/\/www.lamerci.org\/index.php?rest_route=\/wp\/v2\/pages\/787\/revisions"}],"predecessor-version":[{"id":1626,"href":"https:\/\/www.lamerci.org\/index.php?rest_route=\/wp\/v2\/pages\/787\/revisions\/1626"}],"up":[{"embeddable":true,"href":"https:\/\/www.lamerci.org\/index.php?rest_route=\/wp\/v2\/pages\/1462"}],"wp:attachment":[{"href":"https:\/\/www.lamerci.org\/index.php?rest_route=%2Fwp%2Fv2%2Fmedia&parent=787"}],"curies":[{"name":"wp","href":"https:\/\/api.w.org\/{rel}","templated":true}]}}